{"id":64,"date":"2017-10-30T17:40:53","date_gmt":"2017-10-30T16:40:53","guid":{"rendered":"https:\/\/cdvoile06.wordpress.com\/?page_id=64"},"modified":"2025-09-05T17:43:22","modified_gmt":"2025-09-05T15:43:22","slug":"formation-des-professeurs","status":"publish","type":"page","link":"https:\/\/www.cdvoile06.fr\/index.php\/formation-des-professeurs\/","title":{"rendered":"FORMATION DESTIN\u00c9E AUX PROFESSEURS D&rsquo;EPS"},"content":{"rendered":"\n<figure class=\"wp-block-gallery aligncenter has-nested-images columns-2 wp-block-gallery-1 is-layout-flex wp-block-gallery-is-layout-flex\">\n<figure class=\"wp-block-image size-medium\"><img loading=\"lazy\" decoding=\"async\" width=\"300\" height=\"200\" data-id=\"285\" src=\"https:\/\/www.cdvoile06.fr\/wp-content\/uploads\/2017\/11\/cata-300x200.jpg\" alt=\"\" class=\"wp-image-285\" srcset=\"https:\/\/www.cdvoile06.fr\/wp-content\/uploads\/2017\/11\/cata-300x200.jpg 300w, https:\/\/www.cdvoile06.fr\/wp-content\/uploads\/2017\/11\/cata-768x512.jpg 768w, https:\/\/www.cdvoile06.fr\/wp-content\/uploads\/2017\/11\/cata-1024x683.jpg 1024w\" sizes=\"auto, (max-width: 300px) 100vw, 300px\" \/><\/figure>\n\n\n\n<figure class=\"wp-block-image size-medium\"><img loading=\"lazy\" decoding=\"async\" width=\"280\" height=\"215\" data-id=\"286\" src=\"https:\/\/www.cdvoile06.fr\/wp-content\/uploads\/2017\/11\/formationactions.jpg\" alt=\"\" class=\"wp-image-286\"\/><\/figure>\n<\/figure>\n\n\n\n<p>Le CD Voile 06 est charg\u00e9 par le&nbsp;<a href=\"https:\/\/www.departement06.fr\/trophee-des-colleges\" target=\"_blank\" rel=\"noreferrer noopener\">Conseil D\u00e9partemental des Alpes-Maritimes<\/a>&nbsp;d\u2019organiser une formation voile (s\u00e9curit\u00e9- encadrement-r\u00e8gles de navigation) pour les professeurs d\u2019EPS participant au Plan voile.<\/p>\n\n\n\n<p>OBJECTIFS :<\/p>\n\n\n\n<ul class=\"wp-block-list\">\n<li>Prise en charge d&rsquo;un groupe de coll\u00e9giens dans le cadre de l&rsquo;activit\u00e9 voile<\/li>\n\n\n\n<li>Apprentissage des fondamentaux de la voile<\/li>\n\n\n\n<li>R\u00e8gles de conduite d\u2019un bateau de s\u00e9curit\u00e9<\/li>\n\n\n\n<li>Mise en situation des contraintes<\/li>\n\n\n\n<li>Gestion des priorit\u00e9s<\/li>\n<\/ul>\n\n\n\n<p>&nbsp;FORMATION 2025-26 :&nbsp;<\/p>\n\n\n\n<ul class=\"wp-block-list\">\n<li>Lieu : Yacht Club de Villeneuve-Loubet 129 bd Eric Tabarly 06270 Villeneuve-Loubet<\/li>\n\n\n\n<li>Dates de la formation : mercredi 10 et mercredi 17 septembre 2025<\/li>\n\n\n\n<li>Horaires : 13h30 \u00e0 17h30<\/li>\n\n\n\n<li>Formateur : Victor<\/li>\n<\/ul>\n\n\n\n<p>INSCRIPTION :&nbsp;<a href=\"https:\/\/docs.google.com\/forms\/d\/e\/1FAIpQLSeQZwRPQxx4ihYTS7p7r0seHW8xG1tkpiIv8PiCbiEm2B3YUg\/viewform?usp=sharing&amp;ouid=100693627782521775530\" target=\"_blank\" rel=\"noreferrer noopener\">cliquez ici<\/a><\/p>\n\n\n\n<p><\/p>\n","protected":false},"excerpt":{"rendered":"<p>Le CD Voile 06 est charg\u00e9 par le&nbsp;Conseil D\u00e9partemental des Alpes-Maritimes&nbsp;d\u2019organiser une formation voile (s\u00e9curit\u00e9- encadrement-r\u00e8gles de navigation) pour les<\/p>\n","protected":false},"author":1,"featured_media":0,"parent":0,"menu_order":0,"comment_status":"closed","ping_status":"closed","template":"","meta":{"colormag_page_container_layout":"default_layout","colormag_page_sidebar_layout":"default_layout","jetpack_post_was_ever_published":false,"footnotes":""},"class_list":["post-64","page","type-page","status-publish","hentry"],"yoast_head":"<!-- This site is optimized with the Yoast SEO plugin v27.4 - https:\/\/yoast.com\/product\/yoast-seo-wordpress\/ -->\n<title>FORMATION DESTIN\u00c9E AUX PROFESSEURS D&#039;EPS - Comit\u00e9 d\u00e9partemental de voile 06<\/title>\n<meta name=\"robots\" content=\"index, follow, max-snippet:-1, max-image-preview:large, max-video-preview:-1\" \/>\n<link rel=\"canonical\" href=\"https:\/\/www.cdvoile06.fr\/index.php\/formation-des-professeurs\/\" \/>\n<meta property=\"og:locale\" content=\"fr_FR\" \/>\n<meta property=\"og:type\" content=\"article\" \/>\n<meta property=\"og:title\" content=\"FORMATION DESTIN\u00c9E AUX PROFESSEURS D&#039;EPS - Comit\u00e9 d\u00e9partemental de voile 06\" \/>\n<meta property=\"og:description\" content=\"Le CD Voile 06 est charg\u00e9 par le&nbsp;Conseil D\u00e9partemental des Alpes-Maritimes&nbsp;d\u2019organiser une formation voile (s\u00e9curit\u00e9- encadrement-r\u00e8gles de navigation) pour les\" \/>\n<meta property=\"og:url\" content=\"https:\/\/www.cdvoile06.fr\/index.php\/formation-des-professeurs\/\" \/>\n<meta property=\"og:site_name\" content=\"Comit\u00e9 d\u00e9partemental de voile 06\" \/>\n<meta property=\"article:publisher\" content=\"https:\/\/www.facebook.com\/cdvoile06\" \/>\n<meta property=\"article:modified_time\" content=\"2025-09-05T15:43:22+00:00\" \/>\n<meta property=\"og:image\" content=\"http:\/\/www.cdvoile06.fr\/wp-content\/uploads\/2017\/11\/cata-300x200.jpg\" \/>\n<meta name=\"twitter:card\" content=\"summary_large_image\" \/>\n<meta name=\"twitter:label1\" content=\"Dur\u00e9e de lecture estim\u00e9e\" \/>\n\t<meta name=\"twitter:data1\" content=\"1 minute\" \/>\n<script type=\"application\/ld+json\" class=\"yoast-schema-graph\">{\"@context\":\"https:\\\/\\\/schema.org\",\"@graph\":[{\"@type\":\"WebPage\",\"@id\":\"https:\\\/\\\/www.cdvoile06.fr\\\/index.php\\\/formation-des-professeurs\\\/\",\"url\":\"https:\\\/\\\/www.cdvoile06.fr\\\/index.php\\\/formation-des-professeurs\\\/\",\"name\":\"FORMATION DESTIN\u00c9E AUX PROFESSEURS D'EPS - Comit\u00e9 d\u00e9partemental de voile 06\",\"isPartOf\":{\"@id\":\"https:\\\/\\\/www.cdvoile06.fr\\\/#website\"},\"primaryImageOfPage\":{\"@id\":\"https:\\\/\\\/www.cdvoile06.fr\\\/index.php\\\/formation-des-professeurs\\\/#primaryimage\"},\"image\":{\"@id\":\"https:\\\/\\\/www.cdvoile06.fr\\\/index.php\\\/formation-des-professeurs\\\/#primaryimage\"},\"thumbnailUrl\":\"http:\\\/\\\/www.cdvoile06.fr\\\/wp-content\\\/uploads\\\/2017\\\/11\\\/cata-300x200.jpg\",\"datePublished\":\"2017-10-30T16:40:53+00:00\",\"dateModified\":\"2025-09-05T15:43:22+00:00\",\"breadcrumb\":{\"@id\":\"https:\\\/\\\/www.cdvoile06.fr\\\/index.php\\\/formation-des-professeurs\\\/#breadcrumb\"},\"inLanguage\":\"fr-FR\",\"potentialAction\":[{\"@type\":\"ReadAction\",\"target\":[\"https:\\\/\\\/www.cdvoile06.fr\\\/index.php\\\/formation-des-professeurs\\\/\"]}]},{\"@type\":\"ImageObject\",\"inLanguage\":\"fr-FR\",\"@id\":\"https:\\\/\\\/www.cdvoile06.fr\\\/index.php\\\/formation-des-professeurs\\\/#primaryimage\",\"url\":\"http:\\\/\\\/www.cdvoile06.fr\\\/wp-content\\\/uploads\\\/2017\\\/11\\\/cata-300x200.jpg\",\"contentUrl\":\"http:\\\/\\\/www.cdvoile06.fr\\\/wp-content\\\/uploads\\\/2017\\\/11\\\/cata-300x200.jpg\"},{\"@type\":\"BreadcrumbList\",\"@id\":\"https:\\\/\\\/www.cdvoile06.fr\\\/index.php\\\/formation-des-professeurs\\\/#breadcrumb\",\"itemListElement\":[{\"@type\":\"ListItem\",\"position\":1,\"name\":\"Accueil\",\"item\":\"https:\\\/\\\/www.cdvoile06.fr\\\/\"},{\"@type\":\"ListItem\",\"position\":2,\"name\":\"FORMATION DESTIN\u00c9E AUX PROFESSEURS D&rsquo;EPS\"}]},{\"@type\":\"WebSite\",\"@id\":\"https:\\\/\\\/www.cdvoile06.fr\\\/#website\",\"url\":\"https:\\\/\\\/www.cdvoile06.fr\\\/\",\"name\":\"Comit\u00e9 d\u00e9partemental de voile 06\",\"description\":\"Organe d\u00e9concentr\u00e9 de la F\u00e9d\u00e9ration Fran\u00e7aise de Voile\",\"publisher\":{\"@id\":\"https:\\\/\\\/www.cdvoile06.fr\\\/#organization\"},\"potentialAction\":[{\"@type\":\"SearchAction\",\"target\":{\"@type\":\"EntryPoint\",\"urlTemplate\":\"https:\\\/\\\/www.cdvoile06.fr\\\/?s={search_term_string}\"},\"query-input\":{\"@type\":\"PropertyValueSpecification\",\"valueRequired\":true,\"valueName\":\"search_term_string\"}}],\"inLanguage\":\"fr-FR\"},{\"@type\":\"Organization\",\"@id\":\"https:\\\/\\\/www.cdvoile06.fr\\\/#organization\",\"name\":\"Comit\u00e9 d\u00e9partemental de voile 06\",\"url\":\"https:\\\/\\\/www.cdvoile06.fr\\\/\",\"logo\":{\"@type\":\"ImageObject\",\"inLanguage\":\"fr-FR\",\"@id\":\"https:\\\/\\\/www.cdvoile06.fr\\\/#\\\/schema\\\/logo\\\/image\\\/\",\"url\":\"http:\\\/\\\/www.cdvoile06.fr\\\/wp-content\\\/uploads\\\/2020\\\/10\\\/cropped-logo150x150.png\",\"contentUrl\":\"http:\\\/\\\/www.cdvoile06.fr\\\/wp-content\\\/uploads\\\/2020\\\/10\\\/cropped-logo150x150.png\",\"width\":150,\"height\":150,\"caption\":\"Comit\u00e9 d\u00e9partemental de voile 06\"},\"image\":{\"@id\":\"https:\\\/\\\/www.cdvoile06.fr\\\/#\\\/schema\\\/logo\\\/image\\\/\"},\"sameAs\":[\"https:\\\/\\\/www.facebook.com\\\/cdvoile06\",\"https:\\\/\\\/www.instagram.com\\\/cdvoile06\\\/\"]}]}<\/script>\n<!-- \/ Yoast SEO plugin. -->","yoast_head_json":{"title":"FORMATION DESTIN\u00c9E AUX PROFESSEURS D'EPS - Comit\u00e9 d\u00e9partemental de voile 06","robots":{"index":"index","follow":"follow","max-snippet":"max-snippet:-1","max-image-preview":"max-image-preview:large","max-video-preview":"max-video-preview:-1"},"canonical":"https:\/\/www.cdvoile06.fr\/index.php\/formation-des-professeurs\/","og_locale":"fr_FR","og_type":"article","og_title":"FORMATION DESTIN\u00c9E AUX PROFESSEURS D'EPS - Comit\u00e9 d\u00e9partemental de voile 06","og_description":"Le CD Voile 06 est charg\u00e9 par le&nbsp;Conseil D\u00e9partemental des Alpes-Maritimes&nbsp;d\u2019organiser une formation voile (s\u00e9curit\u00e9- encadrement-r\u00e8gles de navigation) pour les","og_url":"https:\/\/www.cdvoile06.fr\/index.php\/formation-des-professeurs\/","og_site_name":"Comit\u00e9 d\u00e9partemental de voile 06","article_publisher":"https:\/\/www.facebook.com\/cdvoile06","article_modified_time":"2025-09-05T15:43:22+00:00","og_image":[{"url":"http:\/\/www.cdvoile06.fr\/wp-content\/uploads\/2017\/11\/cata-300x200.jpg","type":"","width":"","height":""}],"twitter_card":"summary_large_image","twitter_misc":{"Dur\u00e9e de lecture estim\u00e9e":"1 minute"},"schema":{"@context":"https:\/\/schema.org","@graph":[{"@type":"WebPage","@id":"https:\/\/www.cdvoile06.fr\/index.php\/formation-des-professeurs\/","url":"https:\/\/www.cdvoile06.fr\/index.php\/formation-des-professeurs\/","name":"FORMATION DESTIN\u00c9E AUX PROFESSEURS D'EPS - Comit\u00e9 d\u00e9partemental de voile 06","isPartOf":{"@id":"https:\/\/www.cdvoile06.fr\/#website"},"primaryImageOfPage":{"@id":"https:\/\/www.cdvoile06.fr\/index.php\/formation-des-professeurs\/#primaryimage"},"image":{"@id":"https:\/\/www.cdvoile06.fr\/index.php\/formation-des-professeurs\/#primaryimage"},"thumbnailUrl":"http:\/\/www.cdvoile06.fr\/wp-content\/uploads\/2017\/11\/cata-300x200.jpg","datePublished":"2017-10-30T16:40:53+00:00","dateModified":"2025-09-05T15:43:22+00:00","breadcrumb":{"@id":"https:\/\/www.cdvoile06.fr\/index.php\/formation-des-professeurs\/#breadcrumb"},"inLanguage":"fr-FR","potentialAction":[{"@type":"ReadAction","target":["https:\/\/www.cdvoile06.fr\/index.php\/formation-des-professeurs\/"]}]},{"@type":"ImageObject","inLanguage":"fr-FR","@id":"https:\/\/www.cdvoile06.fr\/index.php\/formation-des-professeurs\/#primaryimage","url":"http:\/\/www.cdvoile06.fr\/wp-content\/uploads\/2017\/11\/cata-300x200.jpg","contentUrl":"http:\/\/www.cdvoile06.fr\/wp-content\/uploads\/2017\/11\/cata-300x200.jpg"},{"@type":"BreadcrumbList","@id":"https:\/\/www.cdvoile06.fr\/index.php\/formation-des-professeurs\/#breadcrumb","itemListElement":[{"@type":"ListItem","position":1,"name":"Accueil","item":"https:\/\/www.cdvoile06.fr\/"},{"@type":"ListItem","position":2,"name":"FORMATION DESTIN\u00c9E AUX PROFESSEURS D&rsquo;EPS"}]},{"@type":"WebSite","@id":"https:\/\/www.cdvoile06.fr\/#website","url":"https:\/\/www.cdvoile06.fr\/","name":"Comit\u00e9 d\u00e9partemental de voile 06","description":"Organe d\u00e9concentr\u00e9 de la F\u00e9d\u00e9ration Fran\u00e7aise de Voile","publisher":{"@id":"https:\/\/www.cdvoile06.fr\/#organization"},"potentialAction":[{"@type":"SearchAction","target":{"@type":"EntryPoint","urlTemplate":"https:\/\/www.cdvoile06.fr\/?s={search_term_string}"},"query-input":{"@type":"PropertyValueSpecification","valueRequired":true,"valueName":"search_term_string"}}],"inLanguage":"fr-FR"},{"@type":"Organization","@id":"https:\/\/www.cdvoile06.fr\/#organization","name":"Comit\u00e9 d\u00e9partemental de voile 06","url":"https:\/\/www.cdvoile06.fr\/","logo":{"@type":"ImageObject","inLanguage":"fr-FR","@id":"https:\/\/www.cdvoile06.fr\/#\/schema\/logo\/image\/","url":"http:\/\/www.cdvoile06.fr\/wp-content\/uploads\/2020\/10\/cropped-logo150x150.png","contentUrl":"http:\/\/www.cdvoile06.fr\/wp-content\/uploads\/2020\/10\/cropped-logo150x150.png","width":150,"height":150,"caption":"Comit\u00e9 d\u00e9partemental de voile 06"},"image":{"@id":"https:\/\/www.cdvoile06.fr\/#\/schema\/logo\/image\/"},"sameAs":["https:\/\/www.facebook.com\/cdvoile06","https:\/\/www.instagram.com\/cdvoile06\/"]}]}},"jetpack_sharing_enabled":false,"jetpack_shortlink":"https:\/\/wp.me\/P9K6Ix-12","_links":{"self":[{"href":"https:\/\/www.cdvoile06.fr\/index.php\/wp-json\/wp\/v2\/pages\/64","targetHints":{"allow":["GET"]}}],"collection":[{"href":"https:\/\/www.cdvoile06.fr\/index.php\/wp-json\/wp\/v2\/pages"}],"about":[{"href":"https:\/\/www.cdvoile06.fr\/index.php\/wp-json\/wp\/v2\/types\/page"}],"author":[{"embeddable":true,"href":"https:\/\/www.cdvoile06.fr\/index.php\/wp-json\/wp\/v2\/users\/1"}],"replies":[{"embeddable":true,"href":"https:\/\/www.cdvoile06.fr\/index.php\/wp-json\/wp\/v2\/comments?post=64"}],"version-history":[{"count":30,"href":"https:\/\/www.cdvoile06.fr\/index.php\/wp-json\/wp\/v2\/pages\/64\/revisions"}],"predecessor-version":[{"id":3895,"href":"https:\/\/www.cdvoile06.fr\/index.php\/wp-json\/wp\/v2\/pages\/64\/revisions\/3895"}],"wp:attachment":[{"href":"https:\/\/www.cdvoile06.fr\/index.php\/wp-json\/wp\/v2\/media?parent=64"}],"curies":[{"name":"wp","href":"https:\/\/api.w.org\/{rel}","templated":true}]}}