{"id":4012,"date":"2025-12-04T14:51:20","date_gmt":"2025-12-04T13:51:20","guid":{"rendered":"https:\/\/www.cdvoile06.fr\/?page_id=4012"},"modified":"2026-03-31T16:58:04","modified_gmt":"2026-03-31T14:58:04","slug":"cqp-initiateur-voile-habitable-2026-2027","status":"publish","type":"page","link":"https:\/\/www.cdvoile06.fr\/index.php\/cqp-initiateur-voile-habitable-2026-2027\/","title":{"rendered":"CQP Initiateur Voile Habitable 2026-2027"},"content":{"rendered":"\n<p><strong>Dates&nbsp;: <\/strong>du 08 janvier 2026 au 07 janvier 2027<\/p>\n\n\n\n<figure class=\"wp-block-table\"><table class=\"has-fixed-layout\"><thead><tr><th><strong>P\u00e9riodes <\/strong><\/th><th class=\"has-text-align-center\" data-align=\"center\">Janvier<\/th><th class=\"has-text-align-center\" data-align=\"center\">F\u00e9vrier<\/th><th class=\"has-text-align-center\" data-align=\"center\">Mars<\/th><th class=\"has-text-align-center\" data-align=\"center\">Avril<\/th><th class=\"has-text-align-center\" data-align=\"center\">Mai<\/th><th class=\"has-text-align-center\" data-align=\"center\">Juin<\/th><th>Juillet<br>Ao\u00fbt<\/th><\/tr><\/thead><tbody><tr><td><strong>en centre de formation<\/strong><\/td><td class=\"has-text-align-center\" data-align=\"center\">13-14 janvier <br>de 18h-21h<br><br>24 janvier <br>la journ\u00e9e<br><br>27 janvier <br>de 18h-21h<br><br>31 janvier <br>la journ\u00e9e<\/td><td class=\"has-text-align-center\" data-align=\"center\">07 f\u00e9vrier <br>la journ\u00e9e<br><br>10-11 f\u00e9vrier <br>de 18h-21h<\/td><td class=\"has-text-align-center\" data-align=\"center\">26-27 mars <br>de 18h-21h<br><br>28-29 mars <br>la journ\u00e9e<\/td><td class=\"has-text-align-center\" data-align=\"center\">1er-02-03 avril<br>de 18h \u00e0 21h <br>(\u00e0 confirmer)<br><br>09-10 avril <br>de 18h-21h<br><br>11-12 avril <br>la journ\u00e9e<br><br>25-26 avril <br>la journ\u00e9e<\/td><td class=\"has-text-align-center\" data-align=\"center\">09 mai <br>la journ\u00e9e<br><br>18-19 mai <br>de 18h-21h<br><br>20 ou 21 mai <br>de 18h-21h<br>(\u00e0 confirmer)<\/td><td class=\"has-text-align-center\" data-align=\"center\">06 juin <br>la journ\u00e9e<br><br>27 juin <br>la journ\u00e9e<\/td><td><\/td><\/tr><tr><td><strong><strong>en alter<\/strong>nance dans club <\/strong><\/td><td class=\"has-text-align-center\" data-align=\"center\"><\/td><td class=\"has-text-align-center\" data-align=\"center\"><\/td><td class=\"has-text-align-center\" data-align=\"center\">14 mars<br><br>21 mars<\/td><td class=\"has-text-align-center\" data-align=\"center\">04 avril<br><br>du 14 au 18 avril<br><br>du 21 au 24 avril<br> <br>02 mai <\/td><td class=\"has-text-align-center\" data-align=\"center\">02 mai<br><br>16 mai<br><br>23 mai<br><br>30 mai<br><\/td><td class=\"has-text-align-center\" data-align=\"center\">13 juin<br><br>20 juin<\/td><td>du 1er juillet <br>au 31 ao\u00fbt<\/td><\/tr><\/tbody><\/table><\/figure>\n\n\n\n<p><strong>Support <strong>de navigation utilis\u00e9<\/strong> : <br><\/strong>voiliers B\u00e9n\u00e9teau 7.5<\/p>\n\n\n\n<p><strong>Nombre <strong>de stagiaires :<\/strong><br><\/strong>La formation sera ouverte pour un minimum de 5 personnes inscrites et n\u2019acceptera pas plus de 18 personnes.<\/p>\n\n\n\n<p><strong>Lieu :<br><\/strong>au CREPS d&rsquo;Antibes<\/p>\n\n\n\n<p><strong>Prix&nbsp;par candidat :<\/strong><\/p>\n\n\n\n<div class=\"wp-block-columns is-layout-flex wp-container-core-columns-is-layout-28f84493 wp-block-columns-is-layout-flex\">\n<div class=\"wp-block-column is-layout-flow wp-block-column-is-layout-flow\">\n<p><em>Financement personnel (ou autre que CPF) : <\/em><\/p>\n\n\n\n<ul class=\"wp-block-list\">\n<li>1 500 \u20ac avec niveau 4 inclus, <\/li>\n\n\n\n<li>1 000 \u20ac si niveau 4 d\u00e9j\u00e0 acquis<\/li>\n\n\n\n<li>+ 78 \u20ac \u00e0 payer \u00e0 la FFVoile pour finaliser la formation (frais administratif et jury)<\/li>\n<\/ul>\n<\/div>\n\n\n\n<div class=\"wp-block-column is-layout-flow wp-block-column-is-layout-flow\">\n<p><em>Compte Professionnel de Formation : <\/em><\/p>\n\n\n\n<ul class=\"wp-block-list\">\n<li>1 650\u20ac (dont 150 \u20ac frais de dossier) si niveau 4 \u00e0 passer<\/li>\n\n\n\n<li>1 150\u20ac (150 \u20ac frais de dossier) si niveau 4 d\u00e9j\u00e0 acquis<\/li>\n\n\n\n<li>+ 78 \u20ac \u00e0 payer \u00e0 la FFVoile pour finaliser la formation (frais administratif et jury)<\/li>\n<\/ul>\n<\/div>\n<\/div>\n\n\n\n<p><\/p>\n\n\n\n<p><strong>Formateur :<br><\/strong>Charly Scigacz<\/p>\n\n\n\n<p><strong>Objectifs : <\/strong>vous former avec un dipl\u00f4me reconnu officiellement afin d\u2019avoir toutes les comp\u00e9tences pour intervenir en enseignement et en animation dans votre club. <\/p>\n\n\n\n<p><strong>\u00c9preuves :<\/strong> le candidat en formation au dipl\u00f4me de \u00ab Initiateur voile \u00bb subit en cours de formation plusieurs \u00e9preuves d\u2019\u00e9valuation des comp\u00e9tences. Chacune fait l\u2019objet d\u2019une \u00e9valuation en blocs de comp\u00e9tences  annot\u00e9e sur un livret de certification individuel avec la mention des dates, lieux et conditions de r\u00e9alisation, des noms, pr\u00e9noms et fonction et visa du ou des \u00e9valuateur(s). Un r\u00e9sultat satisfaisant \u00e0 tous les blocs  de comp\u00e9tences est requis pour l\u2019attribution du dipl\u00f4me.<\/p>\n\n\n\n<p><strong>R\u00e9partitions du volume par bloc de comp\u00e9tence :<\/strong><\/p>\n\n\n\n<ul class=\"wp-block-list\">\n<li>Bloc de comp\u00e9tence 1 \u00ab&nbsp;Enseigner, Animer&nbsp;\u00bb&nbsp;: 94h en OF et 70h en alternance (soit 4 semaines et demi)<\/li>\n\n\n\n<li>Bloc de comp\u00e9tence 2 \u00ab&nbsp;Communication \u00e9crite et orale, information,&nbsp; connaissance des publics&nbsp;\u00bb&nbsp;: 21h en OF et 14h en alternance ( soit 1 semaine)<\/li>\n\n\n\n<li>Bloc de comp\u00e9tence 3 \u00ab&nbsp; entretien, mat\u00e9riel, surveillance, s\u00e9curit\u00e9&nbsp;\u00bb&nbsp;+ \u00e9preuve EPMSP&nbsp;: 35h OF et 35h en alternance&nbsp;(soit 2 semaines)<\/li>\n<\/ul>\n\n\n\n<p><strong>Programme de formation&nbsp;:<\/strong> <a href=\"https:\/\/www.cdvoile06.fr\/wp-content\/uploads\/2024\/04\/Habilitation_fiche_Parcours_type_CQP_habilitationLigueSUD.pdf\" target=\"_blank\" rel=\"noreferrer noopener\">voir le programme<\/a><\/p>\n\n\n\n<p><strong>Pr\u00e9requis :<\/strong> \u00e0 obtenir avant l\u2019entr\u00e9e en formation<\/p>\n\n\n\n<ul class=\"wp-block-list\">\n<li>Attestation de capacit\u00e9 \u00e0 naviguer en autonomie et de choisir sa zone de pratique (niveau technique 4 FF Voile) d\u00e9livr\u00e9e par un \u00e9valuateur technique habilit\u00e9 de la FF Voile, pour au moins un support nautique \u00e0 voile, inscrit sur le serveur FF Voile ;<\/li>\n\n\n\n<li>Permis de conduire d\u2019un bateau de plaisance \u00e0 moteur ou titre de navigation admis en \u00e9quivalence ou reconnu de niveau sup\u00e9rieur ;<\/li>\n\n\n\n<li>Attestation de formation aux premiers secours de type PSC1 ou AFPS ou PSMER ou \u00e9quivalents valides, ou certification admise en \u00e9quivalence ou reconnue sup\u00e9rieure \u00e0 ce niveau ;<\/li>\n\n\n\n<li>Attestation de capacit\u00e9 \u00e0 nager 100 m\u00e8tres avec passage sous un obstacle en surface d\u2019un m\u00e8tre de long d\u00e9livr\u00e9e par une personne titulaire d\u2019une certification professionnelle ad hoc&nbsp;<\/li>\n\n\n\n<li>Licence FFVoile avec le statut \u2018\u2019pratiquant\u2018\u2019 ou \u2018\u2019comp\u00e9tition\u00a0\u00bb.<\/li>\n<\/ul>\n\n\n\n<p><strong>Inscriptions et paiement sans CPF :<\/strong> <a href=\"https:\/\/www.helloasso.com\/associations\/comite-departemental-de-voile-des-alpes-maritimes\/evenements\/inscription-a-la-formation-cqp-habitable-2025-2026\" target=\"_blank\" rel=\"noreferrer noopener\">en ligne obligatoirement<\/a><\/p>\n\n\n\n<p><strong>Inscriptions avec CPF : <\/strong>merci de contacter Marie Jarrige de la Ligue r\u00e9gionale de voile 06 95 66 55 81<\/p>\n\n\n\n<p><strong>Inscriptions au plus tard\u00a0: <\/strong>le <\/p>\n\n\n\n<p><strong>Contact :<br><\/strong>Charly Sciagcz, Responsable des formations au CD Voile 06 &#8211; T\u00e9l : 06 46 30 36 70 &#8211; Mail : <a href=\"mailto:fred@cdvoile06.fr\">charly@cdvoile06.fr<\/a><\/p>\n\n\n\n<div class=\"wp-block-columns is-layout-flex wp-container-core-columns-is-layout-28f84493 wp-block-columns-is-layout-flex\">\n<div class=\"wp-block-column is-layout-flow wp-block-column-is-layout-flow\"><\/div>\n\n\n\n<div class=\"wp-block-column is-layout-flow wp-block-column-is-layout-flow\"><\/div>\n<\/div>\n","protected":false},"excerpt":{"rendered":"<p>Dates&nbsp;: du 08 janvier 2026 au 07 janvier 2027 P\u00e9riodes Janvier F\u00e9vrier Mars Avril Mai Juin JuilletAo\u00fbt en centre de<\/p>\n","protected":false},"author":1,"featured_media":0,"parent":0,"menu_order":0,"comment_status":"closed","ping_status":"closed","template":"","meta":{"colormag_page_container_layout":"default_layout","colormag_page_sidebar_layout":"default_layout","jetpack_post_was_ever_published":false,"footnotes":""},"class_list":["post-4012","page","type-page","status-publish","hentry"],"yoast_head":"<!-- This site is optimized with the Yoast SEO plugin v27.4 - https:\/\/yoast.com\/product\/yoast-seo-wordpress\/ -->\n<title>CQP Initiateur Voile Habitable 2026-2027 - Comit\u00e9 d\u00e9partemental de voile 06<\/title>\n<meta name=\"robots\" content=\"index, follow, max-snippet:-1, max-image-preview:large, max-video-preview:-1\" \/>\n<link rel=\"canonical\" href=\"https:\/\/www.cdvoile06.fr\/index.php\/cqp-initiateur-voile-habitable-2026-2027\/\" \/>\n<meta property=\"og:locale\" content=\"fr_FR\" \/>\n<meta property=\"og:type\" content=\"article\" \/>\n<meta property=\"og:title\" content=\"CQP Initiateur Voile Habitable 2026-2027 - Comit\u00e9 d\u00e9partemental de voile 06\" \/>\n<meta property=\"og:description\" content=\"Dates&nbsp;: du 08 janvier 2026 au 07 janvier 2027 P\u00e9riodes Janvier F\u00e9vrier Mars Avril Mai Juin JuilletAo\u00fbt en centre de\" \/>\n<meta property=\"og:url\" content=\"https:\/\/www.cdvoile06.fr\/index.php\/cqp-initiateur-voile-habitable-2026-2027\/\" \/>\n<meta property=\"og:site_name\" content=\"Comit\u00e9 d\u00e9partemental de voile 06\" \/>\n<meta property=\"article:publisher\" content=\"https:\/\/www.facebook.com\/cdvoile06\" \/>\n<meta property=\"article:modified_time\" content=\"2026-03-31T14:58:04+00:00\" \/>\n<meta name=\"twitter:card\" content=\"summary_large_image\" \/>\n<meta name=\"twitter:label1\" content=\"Dur\u00e9e de lecture estim\u00e9e\" \/>\n\t<meta name=\"twitter:data1\" content=\"4 minutes\" \/>\n<script type=\"application\/ld+json\" class=\"yoast-schema-graph\">{\"@context\":\"https:\\\/\\\/schema.org\",\"@graph\":[{\"@type\":\"WebPage\",\"@id\":\"https:\\\/\\\/www.cdvoile06.fr\\\/index.php\\\/cqp-initiateur-voile-habitable-2026-2027\\\/\",\"url\":\"https:\\\/\\\/www.cdvoile06.fr\\\/index.php\\\/cqp-initiateur-voile-habitable-2026-2027\\\/\",\"name\":\"CQP Initiateur Voile Habitable 2026-2027 - Comit\u00e9 d\u00e9partemental de voile 06\",\"isPartOf\":{\"@id\":\"https:\\\/\\\/www.cdvoile06.fr\\\/#website\"},\"datePublished\":\"2025-12-04T13:51:20+00:00\",\"dateModified\":\"2026-03-31T14:58:04+00:00\",\"breadcrumb\":{\"@id\":\"https:\\\/\\\/www.cdvoile06.fr\\\/index.php\\\/cqp-initiateur-voile-habitable-2026-2027\\\/#breadcrumb\"},\"inLanguage\":\"fr-FR\",\"potentialAction\":[{\"@type\":\"ReadAction\",\"target\":[\"https:\\\/\\\/www.cdvoile06.fr\\\/index.php\\\/cqp-initiateur-voile-habitable-2026-2027\\\/\"]}]},{\"@type\":\"BreadcrumbList\",\"@id\":\"https:\\\/\\\/www.cdvoile06.fr\\\/index.php\\\/cqp-initiateur-voile-habitable-2026-2027\\\/#breadcrumb\",\"itemListElement\":[{\"@type\":\"ListItem\",\"position\":1,\"name\":\"Accueil\",\"item\":\"https:\\\/\\\/www.cdvoile06.fr\\\/\"},{\"@type\":\"ListItem\",\"position\":2,\"name\":\"CQP Initiateur Voile Habitable 2026-2027\"}]},{\"@type\":\"WebSite\",\"@id\":\"https:\\\/\\\/www.cdvoile06.fr\\\/#website\",\"url\":\"https:\\\/\\\/www.cdvoile06.fr\\\/\",\"name\":\"Comit\u00e9 d\u00e9partemental de voile 06\",\"description\":\"Organe d\u00e9concentr\u00e9 de la F\u00e9d\u00e9ration Fran\u00e7aise de Voile\",\"publisher\":{\"@id\":\"https:\\\/\\\/www.cdvoile06.fr\\\/#organization\"},\"potentialAction\":[{\"@type\":\"SearchAction\",\"target\":{\"@type\":\"EntryPoint\",\"urlTemplate\":\"https:\\\/\\\/www.cdvoile06.fr\\\/?s={search_term_string}\"},\"query-input\":{\"@type\":\"PropertyValueSpecification\",\"valueRequired\":true,\"valueName\":\"search_term_string\"}}],\"inLanguage\":\"fr-FR\"},{\"@type\":\"Organization\",\"@id\":\"https:\\\/\\\/www.cdvoile06.fr\\\/#organization\",\"name\":\"Comit\u00e9 d\u00e9partemental de voile 06\",\"url\":\"https:\\\/\\\/www.cdvoile06.fr\\\/\",\"logo\":{\"@type\":\"ImageObject\",\"inLanguage\":\"fr-FR\",\"@id\":\"https:\\\/\\\/www.cdvoile06.fr\\\/#\\\/schema\\\/logo\\\/image\\\/\",\"url\":\"http:\\\/\\\/www.cdvoile06.fr\\\/wp-content\\\/uploads\\\/2020\\\/10\\\/cropped-logo150x150.png\",\"contentUrl\":\"http:\\\/\\\/www.cdvoile06.fr\\\/wp-content\\\/uploads\\\/2020\\\/10\\\/cropped-logo150x150.png\",\"width\":150,\"height\":150,\"caption\":\"Comit\u00e9 d\u00e9partemental de voile 06\"},\"image\":{\"@id\":\"https:\\\/\\\/www.cdvoile06.fr\\\/#\\\/schema\\\/logo\\\/image\\\/\"},\"sameAs\":[\"https:\\\/\\\/www.facebook.com\\\/cdvoile06\",\"https:\\\/\\\/www.instagram.com\\\/cdvoile06\\\/\"]}]}<\/script>\n<!-- \/ Yoast SEO plugin. -->","yoast_head_json":{"title":"CQP Initiateur Voile Habitable 2026-2027 - Comit\u00e9 d\u00e9partemental de voile 06","robots":{"index":"index","follow":"follow","max-snippet":"max-snippet:-1","max-image-preview":"max-image-preview:large","max-video-preview":"max-video-preview:-1"},"canonical":"https:\/\/www.cdvoile06.fr\/index.php\/cqp-initiateur-voile-habitable-2026-2027\/","og_locale":"fr_FR","og_type":"article","og_title":"CQP Initiateur Voile Habitable 2026-2027 - Comit\u00e9 d\u00e9partemental de voile 06","og_description":"Dates&nbsp;: du 08 janvier 2026 au 07 janvier 2027 P\u00e9riodes Janvier F\u00e9vrier Mars Avril Mai Juin JuilletAo\u00fbt en centre de","og_url":"https:\/\/www.cdvoile06.fr\/index.php\/cqp-initiateur-voile-habitable-2026-2027\/","og_site_name":"Comit\u00e9 d\u00e9partemental de voile 06","article_publisher":"https:\/\/www.facebook.com\/cdvoile06","article_modified_time":"2026-03-31T14:58:04+00:00","twitter_card":"summary_large_image","twitter_misc":{"Dur\u00e9e de lecture estim\u00e9e":"4 minutes"},"schema":{"@context":"https:\/\/schema.org","@graph":[{"@type":"WebPage","@id":"https:\/\/www.cdvoile06.fr\/index.php\/cqp-initiateur-voile-habitable-2026-2027\/","url":"https:\/\/www.cdvoile06.fr\/index.php\/cqp-initiateur-voile-habitable-2026-2027\/","name":"CQP Initiateur Voile Habitable 2026-2027 - Comit\u00e9 d\u00e9partemental de voile 06","isPartOf":{"@id":"https:\/\/www.cdvoile06.fr\/#website"},"datePublished":"2025-12-04T13:51:20+00:00","dateModified":"2026-03-31T14:58:04+00:00","breadcrumb":{"@id":"https:\/\/www.cdvoile06.fr\/index.php\/cqp-initiateur-voile-habitable-2026-2027\/#breadcrumb"},"inLanguage":"fr-FR","potentialAction":[{"@type":"ReadAction","target":["https:\/\/www.cdvoile06.fr\/index.php\/cqp-initiateur-voile-habitable-2026-2027\/"]}]},{"@type":"BreadcrumbList","@id":"https:\/\/www.cdvoile06.fr\/index.php\/cqp-initiateur-voile-habitable-2026-2027\/#breadcrumb","itemListElement":[{"@type":"ListItem","position":1,"name":"Accueil","item":"https:\/\/www.cdvoile06.fr\/"},{"@type":"ListItem","position":2,"name":"CQP Initiateur Voile Habitable 2026-2027"}]},{"@type":"WebSite","@id":"https:\/\/www.cdvoile06.fr\/#website","url":"https:\/\/www.cdvoile06.fr\/","name":"Comit\u00e9 d\u00e9partemental de voile 06","description":"Organe d\u00e9concentr\u00e9 de la F\u00e9d\u00e9ration Fran\u00e7aise de Voile","publisher":{"@id":"https:\/\/www.cdvoile06.fr\/#organization"},"potentialAction":[{"@type":"SearchAction","target":{"@type":"EntryPoint","urlTemplate":"https:\/\/www.cdvoile06.fr\/?s={search_term_string}"},"query-input":{"@type":"PropertyValueSpecification","valueRequired":true,"valueName":"search_term_string"}}],"inLanguage":"fr-FR"},{"@type":"Organization","@id":"https:\/\/www.cdvoile06.fr\/#organization","name":"Comit\u00e9 d\u00e9partemental de voile 06","url":"https:\/\/www.cdvoile06.fr\/","logo":{"@type":"ImageObject","inLanguage":"fr-FR","@id":"https:\/\/www.cdvoile06.fr\/#\/schema\/logo\/image\/","url":"http:\/\/www.cdvoile06.fr\/wp-content\/uploads\/2020\/10\/cropped-logo150x150.png","contentUrl":"http:\/\/www.cdvoile06.fr\/wp-content\/uploads\/2020\/10\/cropped-logo150x150.png","width":150,"height":150,"caption":"Comit\u00e9 d\u00e9partemental de voile 06"},"image":{"@id":"https:\/\/www.cdvoile06.fr\/#\/schema\/logo\/image\/"},"sameAs":["https:\/\/www.facebook.com\/cdvoile06","https:\/\/www.instagram.com\/cdvoile06\/"]}]}},"jetpack_sharing_enabled":true,"jetpack_shortlink":"https:\/\/wp.me\/P9K6Ix-12I","_links":{"self":[{"href":"https:\/\/www.cdvoile06.fr\/index.php\/wp-json\/wp\/v2\/pages\/4012","targetHints":{"allow":["GET"]}}],"collection":[{"href":"https:\/\/www.cdvoile06.fr\/index.php\/wp-json\/wp\/v2\/pages"}],"about":[{"href":"https:\/\/www.cdvoile06.fr\/index.php\/wp-json\/wp\/v2\/types\/page"}],"author":[{"embeddable":true,"href":"https:\/\/www.cdvoile06.fr\/index.php\/wp-json\/wp\/v2\/users\/1"}],"replies":[{"embeddable":true,"href":"https:\/\/www.cdvoile06.fr\/index.php\/wp-json\/wp\/v2\/comments?post=4012"}],"version-history":[{"count":20,"href":"https:\/\/www.cdvoile06.fr\/index.php\/wp-json\/wp\/v2\/pages\/4012\/revisions"}],"predecessor-version":[{"id":4235,"href":"https:\/\/www.cdvoile06.fr\/index.php\/wp-json\/wp\/v2\/pages\/4012\/revisions\/4235"}],"wp:attachment":[{"href":"https:\/\/www.cdvoile06.fr\/index.php\/wp-json\/wp\/v2\/media?parent=4012"}],"curies":[{"name":"wp","href":"https:\/\/api.w.org\/{rel}","templated":true}]}}