{"id":347,"date":"2017-12-04T22:22:47","date_gmt":"2017-12-04T21:22:47","guid":{"rendered":"https:\/\/cdvoile06.wordpress.com\/?page_id=347"},"modified":"2026-03-17T14:36:28","modified_gmt":"2026-03-17T13:36:28","slug":"handivoile-activite-a-lannee","status":"publish","type":"page","link":"https:\/\/www.cdvoile06.fr\/index.php\/handivoile-activite-a-lannee\/","title":{"rendered":"ACTIVIT\u00c9 A L\u2019ANN\u00c9E"},"content":{"rendered":"\n<figure class=\"wp-block-image aligncenter size-large is-resized is-style-default\"><img loading=\"lazy\" decoding=\"async\" width=\"1024\" height=\"768\" src=\"https:\/\/www.cdvoile06.fr\/wp-content\/uploads\/2017\/11\/fauteuilhandi-1024x768.jpg\" alt=\"\" class=\"wp-image-283\" style=\"width:438px;height:329px\" srcset=\"https:\/\/www.cdvoile06.fr\/wp-content\/uploads\/2017\/11\/fauteuilhandi-1024x768.jpg 1024w, https:\/\/www.cdvoile06.fr\/wp-content\/uploads\/2017\/11\/fauteuilhandi-300x225.jpg 300w, https:\/\/www.cdvoile06.fr\/wp-content\/uploads\/2017\/11\/fauteuilhandi-768x576.jpg 768w, https:\/\/www.cdvoile06.fr\/wp-content\/uploads\/2017\/11\/fauteuilhandi.jpg 2048w\" sizes=\"auto, (max-width: 1024px) 100vw, 1024px\" \/><\/figure>\n\n\n\n<p>Le&nbsp;<a href=\"https:\/\/www.departement06.fr\/sport-et-handicap\/handi-voile-06-2705.html\" target=\"_blank\" rel=\"noreferrer noopener\">dispositif Handi Voile 06 <\/a>du D\u00e9partemental des Alpes-Maritimes propose gratuitement \u00e0 toutes les personnes en situation de handicap habitant dans le 06 de d\u00e9couvrir la voile et de s\u2019y perfectionner.<\/p>\n\n\n\n<p>Le CDV 06 met en place dans ce cadre des s\u00e9ances d\u2019activit\u00e9s d\u2019Handivoile d\u2019une dur\u00e9e maximale de 3 heures, sous la responsabilit\u00e9 d\u2019un moniteur brevet\u00e9 d\u2019\u00e9tat, pour un groupe au minimum de 4 personnes en situation de handicap, accompagn\u00e9 par un \u00e9ducateur.<\/p>\n\n\n\n<div style=\"height:40px\" aria-hidden=\"true\" class=\"wp-block-spacer\"><\/div>\n\n\n\n<p><strong>INSCRIPTION AU DISPOSITIF HANDI VOILE 06<\/strong><\/p>\n\n\n\n<p>Pour b\u00e9n\u00e9ficier du dispositif Handi Voile 06, l\u2019organisme doit adresser une <strong>demande \u00e9crite<\/strong> au Pr\u00e9sident du Conseil D\u00e9partemental des Alpes-Maritimes : Conseil D\u00e9partemental des Alpes-Maritimes &#8211; BP 3007- 06201 NICE Cedex 3.<\/p>\n\n\n\n<p>Apr\u00e8s validation de cette demande par le D\u00e9partement, l\u2019organisme pourra r\u00e9server des s\u00e9ances : <a href=\"https:\/\/www.helloasso.com\/associations\/comite-departemental-de-voile-des-alpes-maritimes\/evenements\/seance-handivoile-2026-1\" target=\"_blank\" rel=\"noreferrer noopener\">inscriptions<\/a><\/p>\n\n\n\n<p>L\u2019organisme devra \u00e9galement acc\u00e9der \u00e0 l\u2019application <strong>\u00ab <\/strong><a href=\"https:\/\/plan-sports.departement06.fr\/Accueil\/Connexion\" target=\"_blank\" rel=\"noreferrer noopener\">Sports06 \u2013 Handi Voile <\/a><strong>\u00bb<\/strong> afin d\u2019y enregistrer les dates pr\u00e9visionnelles des s\u00e9ances et les participants inscrits.<\/p>\n\n\n\n<p>La <a href=\"https:\/\/www.cdvoile06.fr\/wp-content\/uploads\/2026\/03\/2026-conv-Handi-voile.pdf\" target=\"_blank\" rel=\"noreferrer noopener\">convention \u00ab\u00a0dispositif Handi Voile 06\u00a0\u00bb 2026<\/a> devra \u00eatre <strong>transmise au CDV 06 au minimum une semaine avant la premi\u00e8re s\u00e9ance programm\u00e9e<\/strong>.<\/p>\n\n\n\n<p><\/p>\n","protected":false},"excerpt":{"rendered":"<p>Le&nbsp;dispositif Handi Voile 06 du D\u00e9partemental des Alpes-Maritimes propose gratuitement \u00e0 toutes les personnes en situation de handicap habitant dans<\/p>\n","protected":false},"author":1,"featured_media":0,"parent":0,"menu_order":0,"comment_status":"closed","ping_status":"closed","template":"","meta":{"colormag_page_container_layout":"default_layout","colormag_page_sidebar_layout":"default_layout","footnotes":""},"class_list":["post-347","page","type-page","status-publish","hentry"],"yoast_head":"<!-- This site is optimized with the Yoast SEO plugin v27.6 - https:\/\/yoast.com\/product\/yoast-seo-wordpress\/ -->\n<title>ACTIVIT\u00c9 A L\u2019ANN\u00c9E - Comit\u00e9 d\u00e9partemental de voile 06<\/title>\n<meta name=\"robots\" content=\"index, follow, max-snippet:-1, max-image-preview:large, max-video-preview:-1\" \/>\n<link rel=\"canonical\" href=\"https:\/\/www.cdvoile06.fr\/index.php\/handivoile-activite-a-lannee\/\" \/>\n<meta property=\"og:locale\" content=\"fr_FR\" \/>\n<meta property=\"og:type\" content=\"article\" \/>\n<meta property=\"og:title\" content=\"ACTIVIT\u00c9 A L\u2019ANN\u00c9E - Comit\u00e9 d\u00e9partemental de voile 06\" \/>\n<meta property=\"og:description\" content=\"Le&nbsp;dispositif Handi Voile 06 du D\u00e9partemental des Alpes-Maritimes propose gratuitement \u00e0 toutes les personnes en situation de handicap habitant dans\" \/>\n<meta property=\"og:url\" content=\"https:\/\/www.cdvoile06.fr\/index.php\/handivoile-activite-a-lannee\/\" \/>\n<meta property=\"og:site_name\" content=\"Comit\u00e9 d\u00e9partemental de voile 06\" \/>\n<meta property=\"article:publisher\" content=\"https:\/\/www.facebook.com\/cdvoile06\" \/>\n<meta property=\"article:modified_time\" content=\"2026-03-17T13:36:28+00:00\" \/>\n<meta property=\"og:image\" content=\"http:\/\/www.cdvoile06.fr\/wp-content\/uploads\/2017\/11\/fauteuilhandi-1024x768.jpg\" \/>\n<meta name=\"twitter:card\" content=\"summary_large_image\" \/>\n<meta name=\"twitter:label1\" content=\"Dur\u00e9e de lecture estim\u00e9e\" \/>\n\t<meta name=\"twitter:data1\" content=\"2 minutes\" \/>\n<script type=\"application\/ld+json\" class=\"yoast-schema-graph\">{\"@context\":\"https:\\\/\\\/schema.org\",\"@graph\":[{\"@type\":\"WebPage\",\"@id\":\"https:\\\/\\\/www.cdvoile06.fr\\\/index.php\\\/handivoile-activite-a-lannee\\\/\",\"url\":\"https:\\\/\\\/www.cdvoile06.fr\\\/index.php\\\/handivoile-activite-a-lannee\\\/\",\"name\":\"ACTIVIT\u00c9 A L\u2019ANN\u00c9E - Comit\u00e9 d\u00e9partemental de voile 06\",\"isPartOf\":{\"@id\":\"https:\\\/\\\/www.cdvoile06.fr\\\/#website\"},\"primaryImageOfPage\":{\"@id\":\"https:\\\/\\\/www.cdvoile06.fr\\\/index.php\\\/handivoile-activite-a-lannee\\\/#primaryimage\"},\"image\":{\"@id\":\"https:\\\/\\\/www.cdvoile06.fr\\\/index.php\\\/handivoile-activite-a-lannee\\\/#primaryimage\"},\"thumbnailUrl\":\"http:\\\/\\\/www.cdvoile06.fr\\\/wp-content\\\/uploads\\\/2017\\\/11\\\/fauteuilhandi-1024x768.jpg\",\"datePublished\":\"2017-12-04T21:22:47+00:00\",\"dateModified\":\"2026-03-17T13:36:28+00:00\",\"breadcrumb\":{\"@id\":\"https:\\\/\\\/www.cdvoile06.fr\\\/index.php\\\/handivoile-activite-a-lannee\\\/#breadcrumb\"},\"inLanguage\":\"fr-FR\",\"potentialAction\":[{\"@type\":\"ReadAction\",\"target\":[\"https:\\\/\\\/www.cdvoile06.fr\\\/index.php\\\/handivoile-activite-a-lannee\\\/\"]}]},{\"@type\":\"ImageObject\",\"inLanguage\":\"fr-FR\",\"@id\":\"https:\\\/\\\/www.cdvoile06.fr\\\/index.php\\\/handivoile-activite-a-lannee\\\/#primaryimage\",\"url\":\"http:\\\/\\\/www.cdvoile06.fr\\\/wp-content\\\/uploads\\\/2017\\\/11\\\/fauteuilhandi-1024x768.jpg\",\"contentUrl\":\"http:\\\/\\\/www.cdvoile06.fr\\\/wp-content\\\/uploads\\\/2017\\\/11\\\/fauteuilhandi-1024x768.jpg\"},{\"@type\":\"BreadcrumbList\",\"@id\":\"https:\\\/\\\/www.cdvoile06.fr\\\/index.php\\\/handivoile-activite-a-lannee\\\/#breadcrumb\",\"itemListElement\":[{\"@type\":\"ListItem\",\"position\":1,\"name\":\"Accueil\",\"item\":\"https:\\\/\\\/www.cdvoile06.fr\\\/\"},{\"@type\":\"ListItem\",\"position\":2,\"name\":\"ACTIVIT\u00c9 A L\u2019ANN\u00c9E\"}]},{\"@type\":\"WebSite\",\"@id\":\"https:\\\/\\\/www.cdvoile06.fr\\\/#website\",\"url\":\"https:\\\/\\\/www.cdvoile06.fr\\\/\",\"name\":\"Comit\u00e9 d\u00e9partemental de voile 06\",\"description\":\"Organe d\u00e9concentr\u00e9 de la F\u00e9d\u00e9ration Fran\u00e7aise de Voile\",\"publisher\":{\"@id\":\"https:\\\/\\\/www.cdvoile06.fr\\\/#organization\"},\"potentialAction\":[{\"@type\":\"SearchAction\",\"target\":{\"@type\":\"EntryPoint\",\"urlTemplate\":\"https:\\\/\\\/www.cdvoile06.fr\\\/?s={search_term_string}\"},\"query-input\":{\"@type\":\"PropertyValueSpecification\",\"valueRequired\":true,\"valueName\":\"search_term_string\"}}],\"inLanguage\":\"fr-FR\"},{\"@type\":\"Organization\",\"@id\":\"https:\\\/\\\/www.cdvoile06.fr\\\/#organization\",\"name\":\"Comit\u00e9 d\u00e9partemental de voile 06\",\"url\":\"https:\\\/\\\/www.cdvoile06.fr\\\/\",\"logo\":{\"@type\":\"ImageObject\",\"inLanguage\":\"fr-FR\",\"@id\":\"https:\\\/\\\/www.cdvoile06.fr\\\/#\\\/schema\\\/logo\\\/image\\\/\",\"url\":\"http:\\\/\\\/www.cdvoile06.fr\\\/wp-content\\\/uploads\\\/2020\\\/10\\\/cropped-logo150x150.png\",\"contentUrl\":\"http:\\\/\\\/www.cdvoile06.fr\\\/wp-content\\\/uploads\\\/2020\\\/10\\\/cropped-logo150x150.png\",\"width\":150,\"height\":150,\"caption\":\"Comit\u00e9 d\u00e9partemental de voile 06\"},\"image\":{\"@id\":\"https:\\\/\\\/www.cdvoile06.fr\\\/#\\\/schema\\\/logo\\\/image\\\/\"},\"sameAs\":[\"https:\\\/\\\/www.facebook.com\\\/cdvoile06\",\"https:\\\/\\\/www.instagram.com\\\/cdvoile06\\\/\"]}]}<\/script>\n<!-- \/ Yoast SEO plugin. -->","yoast_head_json":{"title":"ACTIVIT\u00c9 A L\u2019ANN\u00c9E - Comit\u00e9 d\u00e9partemental de voile 06","robots":{"index":"index","follow":"follow","max-snippet":"max-snippet:-1","max-image-preview":"max-image-preview:large","max-video-preview":"max-video-preview:-1"},"canonical":"https:\/\/www.cdvoile06.fr\/index.php\/handivoile-activite-a-lannee\/","og_locale":"fr_FR","og_type":"article","og_title":"ACTIVIT\u00c9 A L\u2019ANN\u00c9E - Comit\u00e9 d\u00e9partemental de voile 06","og_description":"Le&nbsp;dispositif Handi Voile 06 du D\u00e9partemental des Alpes-Maritimes propose gratuitement \u00e0 toutes les personnes en situation de handicap habitant dans","og_url":"https:\/\/www.cdvoile06.fr\/index.php\/handivoile-activite-a-lannee\/","og_site_name":"Comit\u00e9 d\u00e9partemental de voile 06","article_publisher":"https:\/\/www.facebook.com\/cdvoile06","article_modified_time":"2026-03-17T13:36:28+00:00","og_image":[{"url":"http:\/\/www.cdvoile06.fr\/wp-content\/uploads\/2017\/11\/fauteuilhandi-1024x768.jpg","type":"","width":"","height":""}],"twitter_card":"summary_large_image","twitter_misc":{"Dur\u00e9e de lecture estim\u00e9e":"2 minutes"},"schema":{"@context":"https:\/\/schema.org","@graph":[{"@type":"WebPage","@id":"https:\/\/www.cdvoile06.fr\/index.php\/handivoile-activite-a-lannee\/","url":"https:\/\/www.cdvoile06.fr\/index.php\/handivoile-activite-a-lannee\/","name":"ACTIVIT\u00c9 A L\u2019ANN\u00c9E - Comit\u00e9 d\u00e9partemental de voile 06","isPartOf":{"@id":"https:\/\/www.cdvoile06.fr\/#website"},"primaryImageOfPage":{"@id":"https:\/\/www.cdvoile06.fr\/index.php\/handivoile-activite-a-lannee\/#primaryimage"},"image":{"@id":"https:\/\/www.cdvoile06.fr\/index.php\/handivoile-activite-a-lannee\/#primaryimage"},"thumbnailUrl":"http:\/\/www.cdvoile06.fr\/wp-content\/uploads\/2017\/11\/fauteuilhandi-1024x768.jpg","datePublished":"2017-12-04T21:22:47+00:00","dateModified":"2026-03-17T13:36:28+00:00","breadcrumb":{"@id":"https:\/\/www.cdvoile06.fr\/index.php\/handivoile-activite-a-lannee\/#breadcrumb"},"inLanguage":"fr-FR","potentialAction":[{"@type":"ReadAction","target":["https:\/\/www.cdvoile06.fr\/index.php\/handivoile-activite-a-lannee\/"]}]},{"@type":"ImageObject","inLanguage":"fr-FR","@id":"https:\/\/www.cdvoile06.fr\/index.php\/handivoile-activite-a-lannee\/#primaryimage","url":"http:\/\/www.cdvoile06.fr\/wp-content\/uploads\/2017\/11\/fauteuilhandi-1024x768.jpg","contentUrl":"http:\/\/www.cdvoile06.fr\/wp-content\/uploads\/2017\/11\/fauteuilhandi-1024x768.jpg"},{"@type":"BreadcrumbList","@id":"https:\/\/www.cdvoile06.fr\/index.php\/handivoile-activite-a-lannee\/#breadcrumb","itemListElement":[{"@type":"ListItem","position":1,"name":"Accueil","item":"https:\/\/www.cdvoile06.fr\/"},{"@type":"ListItem","position":2,"name":"ACTIVIT\u00c9 A L\u2019ANN\u00c9E"}]},{"@type":"WebSite","@id":"https:\/\/www.cdvoile06.fr\/#website","url":"https:\/\/www.cdvoile06.fr\/","name":"Comit\u00e9 d\u00e9partemental de voile 06","description":"Organe d\u00e9concentr\u00e9 de la F\u00e9d\u00e9ration Fran\u00e7aise de Voile","publisher":{"@id":"https:\/\/www.cdvoile06.fr\/#organization"},"potentialAction":[{"@type":"SearchAction","target":{"@type":"EntryPoint","urlTemplate":"https:\/\/www.cdvoile06.fr\/?s={search_term_string}"},"query-input":{"@type":"PropertyValueSpecification","valueRequired":true,"valueName":"search_term_string"}}],"inLanguage":"fr-FR"},{"@type":"Organization","@id":"https:\/\/www.cdvoile06.fr\/#organization","name":"Comit\u00e9 d\u00e9partemental de voile 06","url":"https:\/\/www.cdvoile06.fr\/","logo":{"@type":"ImageObject","inLanguage":"fr-FR","@id":"https:\/\/www.cdvoile06.fr\/#\/schema\/logo\/image\/","url":"http:\/\/www.cdvoile06.fr\/wp-content\/uploads\/2020\/10\/cropped-logo150x150.png","contentUrl":"http:\/\/www.cdvoile06.fr\/wp-content\/uploads\/2020\/10\/cropped-logo150x150.png","width":150,"height":150,"caption":"Comit\u00e9 d\u00e9partemental de voile 06"},"image":{"@id":"https:\/\/www.cdvoile06.fr\/#\/schema\/logo\/image\/"},"sameAs":["https:\/\/www.facebook.com\/cdvoile06","https:\/\/www.instagram.com\/cdvoile06\/"]}]}},"jetpack_sharing_enabled":false,"jetpack_shortlink":"https:\/\/wp.me\/P9K6Ix-5B","_links":{"self":[{"href":"https:\/\/www.cdvoile06.fr\/index.php\/wp-json\/wp\/v2\/pages\/347","targetHints":{"allow":["GET"]}}],"collection":[{"href":"https:\/\/www.cdvoile06.fr\/index.php\/wp-json\/wp\/v2\/pages"}],"about":[{"href":"https:\/\/www.cdvoile06.fr\/index.php\/wp-json\/wp\/v2\/types\/page"}],"author":[{"embeddable":true,"href":"https:\/\/www.cdvoile06.fr\/index.php\/wp-json\/wp\/v2\/users\/1"}],"replies":[{"embeddable":true,"href":"https:\/\/www.cdvoile06.fr\/index.php\/wp-json\/wp\/v2\/comments?post=347"}],"version-history":[{"count":43,"href":"https:\/\/www.cdvoile06.fr\/index.php\/wp-json\/wp\/v2\/pages\/347\/revisions"}],"predecessor-version":[{"id":4226,"href":"https:\/\/www.cdvoile06.fr\/index.php\/wp-json\/wp\/v2\/pages\/347\/revisions\/4226"}],"wp:attachment":[{"href":"https:\/\/www.cdvoile06.fr\/index.php\/wp-json\/wp\/v2\/media?parent=347"}],"curies":[{"name":"wp","href":"https:\/\/api.w.org\/{rel}","templated":true}]}}