{"id":31,"date":"2017-10-30T16:11:13","date_gmt":"2017-10-30T15:11:13","guid":{"rendered":"https:\/\/cdvoile06.wordpress.com\/?page_id=31"},"modified":"2025-11-14T16:18:37","modified_gmt":"2025-11-14T15:18:37","slug":"lecole-de-sport-eds","status":"publish","type":"page","link":"https:\/\/www.cdvoile06.fr\/index.php\/lecole-de-sport-eds\/","title":{"rendered":"\u00c9COLE DE SPORT 06"},"content":{"rendered":"\n<div class=\"wp-block-jetpack-tiled-gallery aligncenter is-style-square\"><div class=\"\"><div class=\"tiled-gallery__gallery\"><div class=\"tiled-gallery__row columns-5\"><div class=\"tiled-gallery__col\"><figure class=\"tiled-gallery__item\"><img decoding=\"async\" srcset=\"https:\/\/i2.wp.com\/www.cdvoile06.fr\/wp-content\/uploads\/2020\/09\/IMG_1073-scaled.jpg?resize=600,600&#038;strip=info 600w,https:\/\/i2.wp.com\/www.cdvoile06.fr\/wp-content\/uploads\/2020\/09\/IMG_1073-scaled.jpg?resize=900,900&#038;strip=info 900w,https:\/\/i2.wp.com\/www.cdvoile06.fr\/wp-content\/uploads\/2020\/09\/IMG_1073-scaled.jpg?resize=1200,1200&#038;strip=info 1200w,https:\/\/i2.wp.com\/www.cdvoile06.fr\/wp-content\/uploads\/2020\/09\/IMG_1073-scaled.jpg?resize=1500,1500&#038;strip=info 1500w,https:\/\/i2.wp.com\/www.cdvoile06.fr\/wp-content\/uploads\/2020\/09\/IMG_1073-scaled.jpg?resize=1707,1707&#038;strip=info 1707w\" alt=\"\" data-height=\"1707\" data-id=\"1870\" data-link=\"https:\/\/www.cdvoile06.fr\/img_1073-2\/\" data-url=\"https:\/\/www.cdvoile06.fr\/wp-content\/uploads\/2020\/09\/IMG_1073-scaled.jpg\" data-width=\"2560\" src=\"https:\/\/i2.wp.com\/www.cdvoile06.fr\/wp-content\/uploads\/2020\/09\/IMG_1073-scaled.jpg?resize=1707%2C1707\" data-amp-layout=\"responsive\" tabindex=\"0\" role=\"button\" aria-label=\"Ouvrir l\u2019image 1 sur 5 en plein \u00e9cran\"\/><\/figure><\/div><div class=\"tiled-gallery__col\"><figure class=\"tiled-gallery__item\"><img decoding=\"async\" srcset=\"https:\/\/i1.wp.com\/www.cdvoile06.fr\/wp-content\/uploads\/2019\/11\/IMG_9980-scaled.jpg?resize=600,600&#038;strip=info 600w,https:\/\/i1.wp.com\/www.cdvoile06.fr\/wp-content\/uploads\/2019\/11\/IMG_9980-scaled.jpg?resize=900,900&#038;strip=info 900w,https:\/\/i1.wp.com\/www.cdvoile06.fr\/wp-content\/uploads\/2019\/11\/IMG_9980-scaled.jpg?resize=1200,1200&#038;strip=info 1200w,https:\/\/i1.wp.com\/www.cdvoile06.fr\/wp-content\/uploads\/2019\/11\/IMG_9980-scaled.jpg?resize=1500,1500&#038;strip=info 1500w,https:\/\/i1.wp.com\/www.cdvoile06.fr\/wp-content\/uploads\/2019\/11\/IMG_9980-scaled.jpg?resize=1707,1707&#038;strip=info 1707w\" alt=\"\" data-height=\"1707\" data-id=\"1656\" data-link=\"https:\/\/www.cdvoile06.fr\/img_9980-2\/\" data-url=\"https:\/\/www.cdvoile06.fr\/wp-content\/uploads\/2019\/11\/IMG_9980-scaled.jpg\" data-width=\"2560\" src=\"https:\/\/i1.wp.com\/www.cdvoile06.fr\/wp-content\/uploads\/2019\/11\/IMG_9980-scaled.jpg?resize=1707%2C1707\" data-amp-layout=\"responsive\" tabindex=\"0\" role=\"button\" aria-label=\"Ouvrir l\u2019image 2 sur 5 en plein \u00e9cran\"\/><\/figure><\/div><div class=\"tiled-gallery__col\"><figure class=\"tiled-gallery__item\"><img decoding=\"async\" srcset=\"https:\/\/i2.wp.com\/www.cdvoile06.fr\/wp-content\/uploads\/2020\/09\/SDC11684-scaled.jpg?resize=600,600&#038;strip=info 600w,https:\/\/i2.wp.com\/www.cdvoile06.fr\/wp-content\/uploads\/2020\/09\/SDC11684-scaled.jpg?resize=900,900&#038;strip=info 900w,https:\/\/i2.wp.com\/www.cdvoile06.fr\/wp-content\/uploads\/2020\/09\/SDC11684-scaled.jpg?resize=1200,1200&#038;strip=info 1200w,https:\/\/i2.wp.com\/www.cdvoile06.fr\/wp-content\/uploads\/2020\/09\/SDC11684-scaled.jpg?resize=1443,1443&#038;strip=info 1443w\" alt=\"\" data-height=\"1443\" data-id=\"1871\" data-link=\"https:\/\/www.cdvoile06.fr\/samsung-digital-camera-2\/\" data-url=\"https:\/\/www.cdvoile06.fr\/wp-content\/uploads\/2020\/09\/SDC11684-scaled.jpg\" data-width=\"2560\" src=\"https:\/\/i2.wp.com\/www.cdvoile06.fr\/wp-content\/uploads\/2020\/09\/SDC11684-scaled.jpg?resize=1443%2C1443\" data-amp-layout=\"responsive\" tabindex=\"0\" role=\"button\" aria-label=\"Ouvrir l\u2019image 3 sur 5 en plein \u00e9cran\"\/><\/figure><\/div><div class=\"tiled-gallery__col\"><figure class=\"tiled-gallery__item\"><img decoding=\"async\" srcset=\"https:\/\/i1.wp.com\/www.cdvoile06.fr\/wp-content\/uploads\/2017\/12\/opti-ouest.jpg?resize=188,188&#038;strip=info 188w\" alt=\"\" data-height=\"188\" data-id=\"359\" data-link=\"https:\/\/www.cdvoile06.fr\/opti-ouest-2\/\" data-url=\"https:\/\/www.cdvoile06.fr\/wp-content\/uploads\/2017\/12\/opti-ouest.jpg\" data-width=\"202\" src=\"https:\/\/i1.wp.com\/www.cdvoile06.fr\/wp-content\/uploads\/2017\/12\/opti-ouest.jpg?resize=188%2C188\" data-amp-layout=\"responsive\" tabindex=\"0\" role=\"button\" aria-label=\"Ouvrir l\u2019image 4 sur 5 en plein \u00e9cran\"\/><\/figure><\/div><div class=\"tiled-gallery__col\"><figure class=\"tiled-gallery__item\"><img decoding=\"async\" srcset=\"https:\/\/i0.wp.com\/www.cdvoile06.fr\/wp-content\/uploads\/2019\/01\/voilier-7.5.jpg?resize=362,362&#038;strip=info 362w\" alt=\"\" data-height=\"362\" data-id=\"986\" data-link=\"https:\/\/www.cdvoile06.fr\/index.php\/accueil\/voilier-7-5\/\" data-url=\"https:\/\/www.cdvoile06.fr\/wp-content\/uploads\/2019\/01\/voilier-7.5.jpg\" data-width=\"484\" src=\"https:\/\/i0.wp.com\/www.cdvoile06.fr\/wp-content\/uploads\/2019\/01\/voilier-7.5.jpg?resize=362%2C362\" data-amp-layout=\"responsive\" tabindex=\"0\" role=\"button\" aria-label=\"Ouvrir l\u2019image 5 sur 5 en plein \u00e9cran\"\/><\/figure><\/div><\/div><\/div><\/div><\/div>\n\n\n\n<p class=\"has-text-color\" style=\"color:#101010\">L\u2019Ecole de sport,&nbsp;activit\u00e9 subventionn\u00e9e par le <a rel=\"noreferrer noopener\" href=\"https:\/\/www.departement06.fr\/plan-voile\/trophee-des-colleges-2715.html\" target=\"_blank\">D\u00e9partement des Alpes-Maritimes<\/a>,&nbsp;est destin\u00e9e aux jeunes licenci\u00e9s des clubs de voile du d\u00e9partement.<\/p>\n\n\n\n<p>Les valeurs et objectifs p\u00e9dagogiques de l\u2019\u00e9cole de sport :<\/p>\n\n\n\n<ul class=\"wp-block-list\">\n<li><mark style=\"background-color:rgba(0, 0, 0, 0);color:#0e0e0e\" class=\"has-inline-color\">l\u2019apprentissage du \u00ab&nbsp;jeu de la r\u00e9gate&nbsp;\u00bb, par une approche ludique, vari\u00e9e et attrayante&nbsp;;<\/mark><\/li>\n\n\n\n<li><mark style=\"background-color:rgba(0, 0, 0, 0);color:#0e0e0e\" class=\"has-inline-color\">l\u2019alternance d\u2019entra\u00eenements au sein de son club et de rencontres de proximit\u00e9&nbsp;avec des coureurs d\u2019autres clubs du d\u00e9partement ;<\/mark><\/li>\n\n\n\n<li><mark style=\"background-color:rgba(0, 0, 0, 0);color:#0e0e0e\" class=\"has-inline-color\">un r\u00e8glement sportif qui privil\u00e9gie le classement des clubs plut\u00f4t que les performances individuelles.<\/mark><\/li>\n<\/ul>\n\n\n\n<p class=\"has-text-color\" style=\"color:#0c0d0d\">Responsables de la Commission EDS :&nbsp;Aur\u00e9lien BELL et Sonia Sarrat<\/p>\n\n\n\n<div class=\"wp-block-columns is-layout-flex wp-container-core-columns-is-layout-28f84493 wp-block-columns-is-layout-flex\">\n<div class=\"wp-block-column is-layout-flow wp-block-column-is-layout-flow\">\n<p><\/p>\n<\/div>\n\n\n\n<div class=\"wp-block-column is-layout-flow wp-block-column-is-layout-flow\"><\/div>\n<\/div>\n\n\n\n<figure class=\"wp-block-table is-style-regular\"><table class=\"has-fixed-layout\"><thead><tr><th>VOILE L\u00c9G\u00c8RE<\/th><th>VOILE HABITABLE<\/th><\/tr><\/thead><tbody><tr><td>Les r\u00e9gates EDS consistent en 5 rencontres par s\u00e9rie (Optimist, Catamaran, Open Skiff, Planche \u00e0 Voile) pendant l\u2019ann\u00e9e scolaire (de septembre \u00e0 juin) avec une finale commune pour toutes les s\u00e9ries.<\/td><td>Le CD Voile 06 organise des entra\u00eenements et des r\u00e9gates EDS sur Habitable.<br>Bateaux : 6 voiliers B\u00e9n\u00e9teau 7.5 avec 5 personnes, dont le Chef de bord<br>Lieu&nbsp;: Antibes &#8211; Port Vauban &#8211; en face du CREPS<\/td><\/tr><\/tbody><\/table><\/figure>\n\n\n\n<div style=\"height:100px\" aria-hidden=\"true\" class=\"wp-block-spacer\"><\/div>\n\n\n\n<h6 class=\"wp-block-heading has-white-color has-black-background-color has-text-color has-background\"><strong>Coordonnateurs :<\/strong><\/h6>\n\n\n\n<figure class=\"wp-block-table is-style-stripes\"><table><thead><tr><th class=\"has-text-align-left\" data-align=\"left\"><strong>Supports<\/strong><\/th><th class=\"has-text-align-left\" data-align=\"left\"><strong>Pr\u00e9nom et Nom<\/strong><\/th><th class=\"has-text-align-left\" data-align=\"left\"><strong>Club<\/strong><\/th><\/tr><\/thead><tbody><tr><td class=\"has-text-align-left\" data-align=\"left\"><strong>Catamaran<\/strong><\/td><td class=\"has-text-align-left\" data-align=\"left\">Alain Kornyeli<\/td><td class=\"has-text-align-left\" data-align=\"left\">CN Nice<\/td><\/tr><tr><td class=\"has-text-align-left\" data-align=\"left\"><strong>Optimist<\/strong> <\/td><td class=\"has-text-align-left\" data-align=\"left\">Louis Delassus<\/td><td class=\"has-text-align-left\" data-align=\"left\">SR Antibes<\/td><\/tr><tr><td class=\"has-text-align-left\" data-align=\"left\"><strong>Open Skiff<\/strong><\/td><td class=\"has-text-align-left\" data-align=\"left\">Maxime Morales<\/td><td class=\"has-text-align-left\" data-align=\"left\">CN Croisette<\/td><\/tr><tr><td class=\"has-text-align-left\" data-align=\"left\"><strong>Planche \u00e0 voile<\/strong><\/td><td class=\"has-text-align-left\" data-align=\"left\">Sandrine Nuvolone<\/td><td class=\"has-text-align-left\" data-align=\"left\">YC Villeneuve-Loubet<\/td><\/tr><tr><td class=\"has-text-align-left\" data-align=\"left\"><strong>Foil<\/strong><\/td><td class=\"has-text-align-left\" data-align=\"left\">Julien Rodriguez<\/td><td class=\"has-text-align-left\" data-align=\"left\">EV Cagnes-sur-Mer<\/td><\/tr><tr><td class=\"has-text-align-left\" data-align=\"left\"><strong>Voiliers 7.5<\/strong><\/td><td class=\"has-text-align-left\" data-align=\"left\">Charly Sciagcz<\/td><td class=\"has-text-align-left\" data-align=\"left\">CD Voile 06<\/td><\/tr><\/tbody><\/table><\/figure>\n","protected":false},"excerpt":{"rendered":"<p>L\u2019Ecole de sport,&nbsp;activit\u00e9 subventionn\u00e9e par le D\u00e9partement des Alpes-Maritimes,&nbsp;est destin\u00e9e aux jeunes licenci\u00e9s des clubs de voile du d\u00e9partement. Les<\/p>\n","protected":false},"author":1,"featured_media":0,"parent":0,"menu_order":0,"comment_status":"closed","ping_status":"closed","template":"","meta":{"colormag_page_container_layout":"default_layout","colormag_page_sidebar_layout":"default_layout","jetpack_post_was_ever_published":false,"footnotes":""},"class_list":["post-31","page","type-page","status-publish","hentry"],"yoast_head":"<!-- This site is optimized with the Yoast SEO plugin v27.4 - https:\/\/yoast.com\/product\/yoast-seo-wordpress\/ -->\n<title>\u00c9COLE DE SPORT 06 - Comit\u00e9 d\u00e9partemental de voile 06<\/title>\n<meta name=\"robots\" content=\"index, follow, max-snippet:-1, max-image-preview:large, max-video-preview:-1\" \/>\n<link rel=\"canonical\" href=\"https:\/\/www.cdvoile06.fr\/index.php\/lecole-de-sport-eds\/\" \/>\n<meta property=\"og:locale\" content=\"fr_FR\" \/>\n<meta property=\"og:type\" content=\"article\" \/>\n<meta property=\"og:title\" content=\"\u00c9COLE DE SPORT 06 - Comit\u00e9 d\u00e9partemental de voile 06\" \/>\n<meta property=\"og:description\" content=\"L\u2019Ecole de sport,&nbsp;activit\u00e9 subventionn\u00e9e par le D\u00e9partement des Alpes-Maritimes,&nbsp;est destin\u00e9e aux jeunes licenci\u00e9s des clubs de voile du d\u00e9partement. Les\" \/>\n<meta property=\"og:url\" content=\"https:\/\/www.cdvoile06.fr\/index.php\/lecole-de-sport-eds\/\" \/>\n<meta property=\"og:site_name\" content=\"Comit\u00e9 d\u00e9partemental de voile 06\" \/>\n<meta property=\"article:publisher\" content=\"https:\/\/www.facebook.com\/cdvoile06\" \/>\n<meta property=\"article:modified_time\" content=\"2025-11-14T15:18:37+00:00\" \/>\n<meta property=\"og:image\" content=\"https:\/\/i2.wp.com\/www.cdvoile06.fr\/wp-content\/uploads\/2020\/09\/IMG_1073-scaled.jpg?resize=1707%2C1707\" \/>\n<meta name=\"twitter:card\" content=\"summary_large_image\" \/>\n<meta name=\"twitter:label1\" content=\"Dur\u00e9e de lecture estim\u00e9e\" \/>\n\t<meta name=\"twitter:data1\" content=\"3 minutes\" \/>\n<script type=\"application\/ld+json\" class=\"yoast-schema-graph\">{\"@context\":\"https:\\\/\\\/schema.org\",\"@graph\":[{\"@type\":\"WebPage\",\"@id\":\"https:\\\/\\\/www.cdvoile06.fr\\\/index.php\\\/lecole-de-sport-eds\\\/\",\"url\":\"https:\\\/\\\/www.cdvoile06.fr\\\/index.php\\\/lecole-de-sport-eds\\\/\",\"name\":\"\u00c9COLE DE SPORT 06 - Comit\u00e9 d\u00e9partemental de voile 06\",\"isPartOf\":{\"@id\":\"https:\\\/\\\/www.cdvoile06.fr\\\/#website\"},\"primaryImageOfPage\":{\"@id\":\"https:\\\/\\\/www.cdvoile06.fr\\\/index.php\\\/lecole-de-sport-eds\\\/#primaryimage\"},\"image\":{\"@id\":\"https:\\\/\\\/www.cdvoile06.fr\\\/index.php\\\/lecole-de-sport-eds\\\/#primaryimage\"},\"thumbnailUrl\":\"https:\\\/\\\/i2.wp.com\\\/www.cdvoile06.fr\\\/wp-content\\\/uploads\\\/2020\\\/09\\\/IMG_1073-scaled.jpg?resize=1707%2C1707\",\"datePublished\":\"2017-10-30T15:11:13+00:00\",\"dateModified\":\"2025-11-14T15:18:37+00:00\",\"breadcrumb\":{\"@id\":\"https:\\\/\\\/www.cdvoile06.fr\\\/index.php\\\/lecole-de-sport-eds\\\/#breadcrumb\"},\"inLanguage\":\"fr-FR\",\"potentialAction\":[{\"@type\":\"ReadAction\",\"target\":[\"https:\\\/\\\/www.cdvoile06.fr\\\/index.php\\\/lecole-de-sport-eds\\\/\"]}]},{\"@type\":\"ImageObject\",\"inLanguage\":\"fr-FR\",\"@id\":\"https:\\\/\\\/www.cdvoile06.fr\\\/index.php\\\/lecole-de-sport-eds\\\/#primaryimage\",\"url\":\"https:\\\/\\\/i2.wp.com\\\/www.cdvoile06.fr\\\/wp-content\\\/uploads\\\/2020\\\/09\\\/IMG_1073-scaled.jpg?resize=1707%2C1707\",\"contentUrl\":\"https:\\\/\\\/i2.wp.com\\\/www.cdvoile06.fr\\\/wp-content\\\/uploads\\\/2020\\\/09\\\/IMG_1073-scaled.jpg?resize=1707%2C1707\"},{\"@type\":\"BreadcrumbList\",\"@id\":\"https:\\\/\\\/www.cdvoile06.fr\\\/index.php\\\/lecole-de-sport-eds\\\/#breadcrumb\",\"itemListElement\":[{\"@type\":\"ListItem\",\"position\":1,\"name\":\"Accueil\",\"item\":\"https:\\\/\\\/www.cdvoile06.fr\\\/\"},{\"@type\":\"ListItem\",\"position\":2,\"name\":\"\u00c9COLE DE SPORT 06\"}]},{\"@type\":\"WebSite\",\"@id\":\"https:\\\/\\\/www.cdvoile06.fr\\\/#website\",\"url\":\"https:\\\/\\\/www.cdvoile06.fr\\\/\",\"name\":\"Comit\u00e9 d\u00e9partemental de voile 06\",\"description\":\"Organe d\u00e9concentr\u00e9 de la F\u00e9d\u00e9ration Fran\u00e7aise de Voile\",\"publisher\":{\"@id\":\"https:\\\/\\\/www.cdvoile06.fr\\\/#organization\"},\"potentialAction\":[{\"@type\":\"SearchAction\",\"target\":{\"@type\":\"EntryPoint\",\"urlTemplate\":\"https:\\\/\\\/www.cdvoile06.fr\\\/?s={search_term_string}\"},\"query-input\":{\"@type\":\"PropertyValueSpecification\",\"valueRequired\":true,\"valueName\":\"search_term_string\"}}],\"inLanguage\":\"fr-FR\"},{\"@type\":\"Organization\",\"@id\":\"https:\\\/\\\/www.cdvoile06.fr\\\/#organization\",\"name\":\"Comit\u00e9 d\u00e9partemental de voile 06\",\"url\":\"https:\\\/\\\/www.cdvoile06.fr\\\/\",\"logo\":{\"@type\":\"ImageObject\",\"inLanguage\":\"fr-FR\",\"@id\":\"https:\\\/\\\/www.cdvoile06.fr\\\/#\\\/schema\\\/logo\\\/image\\\/\",\"url\":\"http:\\\/\\\/www.cdvoile06.fr\\\/wp-content\\\/uploads\\\/2020\\\/10\\\/cropped-logo150x150.png\",\"contentUrl\":\"http:\\\/\\\/www.cdvoile06.fr\\\/wp-content\\\/uploads\\\/2020\\\/10\\\/cropped-logo150x150.png\",\"width\":150,\"height\":150,\"caption\":\"Comit\u00e9 d\u00e9partemental de voile 06\"},\"image\":{\"@id\":\"https:\\\/\\\/www.cdvoile06.fr\\\/#\\\/schema\\\/logo\\\/image\\\/\"},\"sameAs\":[\"https:\\\/\\\/www.facebook.com\\\/cdvoile06\",\"https:\\\/\\\/www.instagram.com\\\/cdvoile06\\\/\"]}]}<\/script>\n<!-- \/ Yoast SEO plugin. -->","yoast_head_json":{"title":"\u00c9COLE DE SPORT 06 - Comit\u00e9 d\u00e9partemental de voile 06","robots":{"index":"index","follow":"follow","max-snippet":"max-snippet:-1","max-image-preview":"max-image-preview:large","max-video-preview":"max-video-preview:-1"},"canonical":"https:\/\/www.cdvoile06.fr\/index.php\/lecole-de-sport-eds\/","og_locale":"fr_FR","og_type":"article","og_title":"\u00c9COLE DE SPORT 06 - Comit\u00e9 d\u00e9partemental de voile 06","og_description":"L\u2019Ecole de sport,&nbsp;activit\u00e9 subventionn\u00e9e par le D\u00e9partement des Alpes-Maritimes,&nbsp;est destin\u00e9e aux jeunes licenci\u00e9s des clubs de voile du d\u00e9partement. Les","og_url":"https:\/\/www.cdvoile06.fr\/index.php\/lecole-de-sport-eds\/","og_site_name":"Comit\u00e9 d\u00e9partemental de voile 06","article_publisher":"https:\/\/www.facebook.com\/cdvoile06","article_modified_time":"2025-11-14T15:18:37+00:00","og_image":[{"url":"https:\/\/i2.wp.com\/www.cdvoile06.fr\/wp-content\/uploads\/2020\/09\/IMG_1073-scaled.jpg?resize=1707%2C1707","type":"","width":"","height":""}],"twitter_card":"summary_large_image","twitter_misc":{"Dur\u00e9e de lecture estim\u00e9e":"3 minutes"},"schema":{"@context":"https:\/\/schema.org","@graph":[{"@type":"WebPage","@id":"https:\/\/www.cdvoile06.fr\/index.php\/lecole-de-sport-eds\/","url":"https:\/\/www.cdvoile06.fr\/index.php\/lecole-de-sport-eds\/","name":"\u00c9COLE DE SPORT 06 - Comit\u00e9 d\u00e9partemental de voile 06","isPartOf":{"@id":"https:\/\/www.cdvoile06.fr\/#website"},"primaryImageOfPage":{"@id":"https:\/\/www.cdvoile06.fr\/index.php\/lecole-de-sport-eds\/#primaryimage"},"image":{"@id":"https:\/\/www.cdvoile06.fr\/index.php\/lecole-de-sport-eds\/#primaryimage"},"thumbnailUrl":"https:\/\/i2.wp.com\/www.cdvoile06.fr\/wp-content\/uploads\/2020\/09\/IMG_1073-scaled.jpg?resize=1707%2C1707","datePublished":"2017-10-30T15:11:13+00:00","dateModified":"2025-11-14T15:18:37+00:00","breadcrumb":{"@id":"https:\/\/www.cdvoile06.fr\/index.php\/lecole-de-sport-eds\/#breadcrumb"},"inLanguage":"fr-FR","potentialAction":[{"@type":"ReadAction","target":["https:\/\/www.cdvoile06.fr\/index.php\/lecole-de-sport-eds\/"]}]},{"@type":"ImageObject","inLanguage":"fr-FR","@id":"https:\/\/www.cdvoile06.fr\/index.php\/lecole-de-sport-eds\/#primaryimage","url":"https:\/\/i2.wp.com\/www.cdvoile06.fr\/wp-content\/uploads\/2020\/09\/IMG_1073-scaled.jpg?resize=1707%2C1707","contentUrl":"https:\/\/i2.wp.com\/www.cdvoile06.fr\/wp-content\/uploads\/2020\/09\/IMG_1073-scaled.jpg?resize=1707%2C1707"},{"@type":"BreadcrumbList","@id":"https:\/\/www.cdvoile06.fr\/index.php\/lecole-de-sport-eds\/#breadcrumb","itemListElement":[{"@type":"ListItem","position":1,"name":"Accueil","item":"https:\/\/www.cdvoile06.fr\/"},{"@type":"ListItem","position":2,"name":"\u00c9COLE DE SPORT 06"}]},{"@type":"WebSite","@id":"https:\/\/www.cdvoile06.fr\/#website","url":"https:\/\/www.cdvoile06.fr\/","name":"Comit\u00e9 d\u00e9partemental de voile 06","description":"Organe d\u00e9concentr\u00e9 de la F\u00e9d\u00e9ration Fran\u00e7aise de Voile","publisher":{"@id":"https:\/\/www.cdvoile06.fr\/#organization"},"potentialAction":[{"@type":"SearchAction","target":{"@type":"EntryPoint","urlTemplate":"https:\/\/www.cdvoile06.fr\/?s={search_term_string}"},"query-input":{"@type":"PropertyValueSpecification","valueRequired":true,"valueName":"search_term_string"}}],"inLanguage":"fr-FR"},{"@type":"Organization","@id":"https:\/\/www.cdvoile06.fr\/#organization","name":"Comit\u00e9 d\u00e9partemental de voile 06","url":"https:\/\/www.cdvoile06.fr\/","logo":{"@type":"ImageObject","inLanguage":"fr-FR","@id":"https:\/\/www.cdvoile06.fr\/#\/schema\/logo\/image\/","url":"http:\/\/www.cdvoile06.fr\/wp-content\/uploads\/2020\/10\/cropped-logo150x150.png","contentUrl":"http:\/\/www.cdvoile06.fr\/wp-content\/uploads\/2020\/10\/cropped-logo150x150.png","width":150,"height":150,"caption":"Comit\u00e9 d\u00e9partemental de voile 06"},"image":{"@id":"https:\/\/www.cdvoile06.fr\/#\/schema\/logo\/image\/"},"sameAs":["https:\/\/www.facebook.com\/cdvoile06","https:\/\/www.instagram.com\/cdvoile06\/"]}]}},"jetpack_sharing_enabled":false,"jetpack_shortlink":"https:\/\/wp.me\/P9K6Ix-v","_links":{"self":[{"href":"https:\/\/www.cdvoile06.fr\/index.php\/wp-json\/wp\/v2\/pages\/31","targetHints":{"allow":["GET"]}}],"collection":[{"href":"https:\/\/www.cdvoile06.fr\/index.php\/wp-json\/wp\/v2\/pages"}],"about":[{"href":"https:\/\/www.cdvoile06.fr\/index.php\/wp-json\/wp\/v2\/types\/page"}],"author":[{"embeddable":true,"href":"https:\/\/www.cdvoile06.fr\/index.php\/wp-json\/wp\/v2\/users\/1"}],"replies":[{"embeddable":true,"href":"https:\/\/www.cdvoile06.fr\/index.php\/wp-json\/wp\/v2\/comments?post=31"}],"version-history":[{"count":58,"href":"https:\/\/www.cdvoile06.fr\/index.php\/wp-json\/wp\/v2\/pages\/31\/revisions"}],"predecessor-version":[{"id":3973,"href":"https:\/\/www.cdvoile06.fr\/index.php\/wp-json\/wp\/v2\/pages\/31\/revisions\/3973"}],"wp:attachment":[{"href":"https:\/\/www.cdvoile06.fr\/index.php\/wp-json\/wp\/v2\/media?parent=31"}],"curies":[{"name":"wp","href":"https:\/\/api.w.org\/{rel}","templated":true}]}}