{"id":181,"date":"2017-10-31T12:00:20","date_gmt":"2017-10-31T11:00:20","guid":{"rendered":"https:\/\/cdvoile06.wordpress.com\/?page_id=181"},"modified":"2025-10-31T17:01:30","modified_gmt":"2025-10-31T16:01:30","slug":"ecole-de-sport-2024-2025","status":"publish","type":"page","link":"https:\/\/www.cdvoile06.fr\/index.php\/ecole-de-sport-2024-2025\/","title":{"rendered":"\u00c9COLE DE SPORT 2024-2025"},"content":{"rendered":"\n<div style=\"height:100px\" aria-hidden=\"true\" class=\"wp-block-spacer\"><\/div>\n\n\n\n<p>Cette manifestation est soutenue par le D\u00e9partement des Alpes-Maritimes.<\/p>\n\n\n\n<h6 class=\"wp-block-heading\"><strong><em>RENCONTRES 2024-2025 :<\/em><\/strong><\/h6>\n\n\n\n<p>R\u00e9sultats de toutes les rencontres avec dates et lieux : <a href=\"https:\/\/www.ffvoile.fr\/ffv\/sportif\/Calendrier\/Fiche_Detail.aspx?id=136462\" target=\"_blank\" rel=\"noreferrer noopener\"><\/a><a href=\"https:\/\/regates.ffvoile.fr\/competitions\/?sortOrder=ASC&amp;page=1&amp;dateDebut=2024-10-01&amp;cdv=06000&amp;ligue=112&amp;niveauParticipation=D&amp;grade=5B&amp;bateauFourni=true&amp;dateFin=2025-06-30&amp;limit=50\" target=\"_blank\" rel=\"noreferrer noopener\">site de la FFVoile<\/a><\/p>\n\n\n\n<p><\/p>\n\n\n\n<h6 class=\"wp-block-heading\"><strong><em>FINALE D\u00c9PARTEMENTALE 06 LE 15 JUIN 2025 \u00e0 CANNES JEUNESSE :<\/em><\/strong><\/h6>\n\n\n\n<figure class=\"wp-block-gallery has-nested-images columns-3 is-cropped wp-block-gallery-1 is-layout-flex wp-block-gallery-is-layout-flex\">\n<figure class=\"wp-block-image size-large\"><img loading=\"lazy\" decoding=\"async\" width=\"768\" height=\"1024\" data-id=\"3829\" src=\"https:\/\/www.cdvoile06.fr\/wp-content\/uploads\/2025\/06\/IMG-20250618-WA0005-768x1024.jpg\" alt=\"\" class=\"wp-image-3829\" srcset=\"https:\/\/www.cdvoile06.fr\/wp-content\/uploads\/2025\/06\/IMG-20250618-WA0005-768x1024.jpg 768w, https:\/\/www.cdvoile06.fr\/wp-content\/uploads\/2025\/06\/IMG-20250618-WA0005-225x300.jpg 225w, https:\/\/www.cdvoile06.fr\/wp-content\/uploads\/2025\/06\/IMG-20250618-WA0005-113x150.jpg 113w, https:\/\/www.cdvoile06.fr\/wp-content\/uploads\/2025\/06\/IMG-20250618-WA0005-1152x1536.jpg 1152w, https:\/\/www.cdvoile06.fr\/wp-content\/uploads\/2025\/06\/IMG-20250618-WA0005.jpg 1536w\" sizes=\"auto, (max-width: 768px) 100vw, 768px\" \/><\/figure>\n\n\n\n<figure class=\"wp-block-image size-large\"><img loading=\"lazy\" decoding=\"async\" width=\"768\" height=\"1024\" data-id=\"3831\" src=\"https:\/\/www.cdvoile06.fr\/wp-content\/uploads\/2025\/06\/IMG-20250618-WA0006-1-768x1024.jpg\" alt=\"\" class=\"wp-image-3831\" srcset=\"https:\/\/www.cdvoile06.fr\/wp-content\/uploads\/2025\/06\/IMG-20250618-WA0006-1-768x1024.jpg 768w, https:\/\/www.cdvoile06.fr\/wp-content\/uploads\/2025\/06\/IMG-20250618-WA0006-1-225x300.jpg 225w, https:\/\/www.cdvoile06.fr\/wp-content\/uploads\/2025\/06\/IMG-20250618-WA0006-1-113x150.jpg 113w, https:\/\/www.cdvoile06.fr\/wp-content\/uploads\/2025\/06\/IMG-20250618-WA0006-1-1152x1536.jpg 1152w, https:\/\/www.cdvoile06.fr\/wp-content\/uploads\/2025\/06\/IMG-20250618-WA0006-1.jpg 1536w\" sizes=\"auto, (max-width: 768px) 100vw, 768px\" \/><\/figure>\n\n\n\n<figure class=\"wp-block-image size-large\"><img loading=\"lazy\" decoding=\"async\" width=\"768\" height=\"1024\" data-id=\"3824\" src=\"https:\/\/www.cdvoile06.fr\/wp-content\/uploads\/2025\/06\/IMG-20250618-WA0011-768x1024.jpg\" alt=\"\" class=\"wp-image-3824\" srcset=\"https:\/\/www.cdvoile06.fr\/wp-content\/uploads\/2025\/06\/IMG-20250618-WA0011-768x1024.jpg 768w, https:\/\/www.cdvoile06.fr\/wp-content\/uploads\/2025\/06\/IMG-20250618-WA0011-225x300.jpg 225w, https:\/\/www.cdvoile06.fr\/wp-content\/uploads\/2025\/06\/IMG-20250618-WA0011-113x150.jpg 113w, https:\/\/www.cdvoile06.fr\/wp-content\/uploads\/2025\/06\/IMG-20250618-WA0011-1152x1536.jpg 1152w, https:\/\/www.cdvoile06.fr\/wp-content\/uploads\/2025\/06\/IMG-20250618-WA0011.jpg 1536w\" sizes=\"auto, (max-width: 768px) 100vw, 768px\" \/><\/figure>\n\n\n\n<figure class=\"wp-block-image size-large\"><img loading=\"lazy\" decoding=\"async\" width=\"768\" height=\"1024\" data-id=\"3825\" src=\"https:\/\/www.cdvoile06.fr\/wp-content\/uploads\/2025\/06\/IMG-20250618-WA0015-768x1024.jpg\" alt=\"\" class=\"wp-image-3825\" srcset=\"https:\/\/www.cdvoile06.fr\/wp-content\/uploads\/2025\/06\/IMG-20250618-WA0015-768x1024.jpg 768w, https:\/\/www.cdvoile06.fr\/wp-content\/uploads\/2025\/06\/IMG-20250618-WA0015-225x300.jpg 225w, https:\/\/www.cdvoile06.fr\/wp-content\/uploads\/2025\/06\/IMG-20250618-WA0015-113x150.jpg 113w, https:\/\/www.cdvoile06.fr\/wp-content\/uploads\/2025\/06\/IMG-20250618-WA0015-1152x1536.jpg 1152w, https:\/\/www.cdvoile06.fr\/wp-content\/uploads\/2025\/06\/IMG-20250618-WA0015.jpg 1536w\" sizes=\"auto, (max-width: 768px) 100vw, 768px\" \/><\/figure>\n\n\n\n<figure class=\"wp-block-image size-large\"><img loading=\"lazy\" decoding=\"async\" width=\"768\" height=\"1024\" data-id=\"3827\" src=\"https:\/\/www.cdvoile06.fr\/wp-content\/uploads\/2025\/06\/IMG-20250618-WA0023-768x1024.jpg\" alt=\"\" class=\"wp-image-3827\" srcset=\"https:\/\/www.cdvoile06.fr\/wp-content\/uploads\/2025\/06\/IMG-20250618-WA0023-768x1024.jpg 768w, https:\/\/www.cdvoile06.fr\/wp-content\/uploads\/2025\/06\/IMG-20250618-WA0023-225x300.jpg 225w, https:\/\/www.cdvoile06.fr\/wp-content\/uploads\/2025\/06\/IMG-20250618-WA0023-113x150.jpg 113w, https:\/\/www.cdvoile06.fr\/wp-content\/uploads\/2025\/06\/IMG-20250618-WA0023-1152x1536.jpg 1152w, https:\/\/www.cdvoile06.fr\/wp-content\/uploads\/2025\/06\/IMG-20250618-WA0023.jpg 1536w\" sizes=\"auto, (max-width: 768px) 100vw, 768px\" \/><\/figure>\n\n\n\n<figure class=\"wp-block-image size-full\"><img loading=\"lazy\" decoding=\"async\" width=\"1536\" height=\"2048\" data-id=\"3832\" src=\"https:\/\/www.cdvoile06.fr\/wp-content\/uploads\/2025\/06\/IMG-20250618-WA0026.jpg\" alt=\"\" class=\"wp-image-3832\" srcset=\"https:\/\/www.cdvoile06.fr\/wp-content\/uploads\/2025\/06\/IMG-20250618-WA0026.jpg 1536w, https:\/\/www.cdvoile06.fr\/wp-content\/uploads\/2025\/06\/IMG-20250618-WA0026-225x300.jpg 225w, https:\/\/www.cdvoile06.fr\/wp-content\/uploads\/2025\/06\/IMG-20250618-WA0026-768x1024.jpg 768w, https:\/\/www.cdvoile06.fr\/wp-content\/uploads\/2025\/06\/IMG-20250618-WA0026-113x150.jpg 113w, https:\/\/www.cdvoile06.fr\/wp-content\/uploads\/2025\/06\/IMG-20250618-WA0026-1152x1536.jpg 1152w\" sizes=\"auto, (max-width: 1536px) 100vw, 1536px\" \/><\/figure>\n<\/figure>\n\n\n\n<p>La&nbsp;Finale d\u00e9partementale&nbsp;a r\u00e9uni 104 coureurs dimanche 15 juin 2025 au Club de Cannes Jeunesse pour les s\u00e9ries catamaran, optimist, planche \u00e0 voile et open skiff.<\/p>\n\n\n\n<p><strong>R\u00c9SULTATS DE LA JOURN\u00c9E :<\/strong>&nbsp;<a href=\"https:\/\/www.ffvoile.fr\/ffv\/sportif\/Calendrier\/Fiche_Detail.aspx?id=136462\" target=\"_blank\" rel=\"noreferrer noopener\">site de la&nbsp;FFVoile<\/a><\/p>\n\n\n\n<p><strong>R\u00c9SULTATS DE L&rsquo;ANNE 2024-2025 :<\/strong><\/p>\n\n\n\n<figure id=\"table_5\" class=\"wp-block-table is-style-stripes\"><table class=\"has-fixed-layout\"><tbody><tr><td><strong>SUPPORT<\/strong><\/td><td><strong>S\u00c9RIE<\/strong><\/td><\/tr><tr><td>Catamaran<\/td><td><a href=\"https:\/\/www.cdvoile06.fr\/wp-content\/uploads\/2025\/06\/2024-25-resultats-EDS-kta-minimes.pdf\" target=\"_blank\" rel=\"noreferrer noopener\">Minimes <\/a>&#8211; <a href=\"https:\/\/www.cdvoile06.fr\/wp-content\/uploads\/2025\/06\/2024-25-resultats-EDS-Kta-cadets.pdf\" target=\"_blank\" rel=\"noreferrer noopener\">Cadets<\/a><\/td><\/tr><tr><td>Planche \u00e0 voile<\/td><td><a href=\"https:\/\/www.cdvoile06.fr\/wp-content\/uploads\/2025\/06\/2024-25-resultats-EDS-PAV-crit.pdf\" target=\"_blank\" rel=\"noreferrer noopener\">Clubs <\/a>&#8211; <a href=\"https:\/\/www.cdvoile06.fr\/wp-content\/uploads\/2025\/06\/2024-25-resultats-EDS-PAV-CHAL.pdf\" target=\"_blank\" rel=\"noreferrer noopener\">Challenge <\/a>&#8211; <a href=\"https:\/\/www.cdvoile06.fr\/wp-content\/uploads\/2025\/06\/2024-25-resultats-EDS-PAV-CHAL-plus.pdf\" target=\"_blank\" rel=\"noreferrer noopener\">Challenge +<\/a><\/td><\/tr><tr><td>Open Skiff<\/td><td><a href=\"https:\/\/www.cdvoile06.fr\/wp-content\/uploads\/2025\/06\/2024-25-resultats-EDS-OS.pdf\" target=\"_blank\" rel=\"noreferrer noopener\">Challenge<\/a><\/td><\/tr><tr><td>Optimist bassin Ouest<\/td><td><a href=\"https:\/\/www.cdvoile06.fr\/wp-content\/uploads\/2025\/06\/2024-25-resultats-EDS-OO-A1.pdf\" target=\"_blank\" rel=\"noreferrer noopener\">Clubs A1\/2<\/a>&#8211; <a href=\"https:\/\/www.cdvoile06.fr\/wp-content\/uploads\/2025\/06\/2024-25-resultats-EDS-OO-A3.pdf\" target=\"_blank\" rel=\"noreferrer noopener\">A3<\/a><\/td><\/tr><tr><td>Optimist bassin Est<\/td><td><a href=\"https:\/\/www.cdvoile06.fr\/wp-content\/uploads\/2025\/06\/2024-25-resultats-EDS-OE-A1.pdf\" target=\"_blank\" rel=\"noreferrer noopener\">Clubs A1\/2<\/a> &#8211; <a href=\"https:\/\/www.cdvoile06.fr\/wp-content\/uploads\/2025\/06\/2024-25-resultats-EDS-OE-A3.pdf\" target=\"_blank\" rel=\"noreferrer noopener\">A3<\/a><\/td><\/tr><tr><td>Voiliers 7.5<\/td><td><a href=\"https:\/\/www.cdvoile06.fr\/wp-content\/uploads\/2025\/06\/2024-25-resultats-EDS-7.5.pdf\" target=\"_blank\" rel=\"noreferrer noopener\">Clubs<\/a><\/td><\/tr><tr><td><\/td><td><\/td><\/tr><tr><td>CLASSEMENT DES CLUBS DU 06<\/td><td><a href=\"https:\/\/www.cdvoile06.fr\/wp-content\/uploads\/2025\/06\/2024-25-resultats-EDS-clubs-general.pdf\" target=\"_blank\" rel=\"noreferrer noopener\">CHALLENGE 06<\/a><\/td><\/tr><\/tbody><\/table><\/figure>\n\n\n\n<figure class=\"wp-block-gallery has-nested-images columns-default is-cropped wp-block-gallery-2 is-layout-flex wp-block-gallery-is-layout-flex\"><\/figure>\n","protected":false},"excerpt":{"rendered":"<p>Cette manifestation est soutenue par le D\u00e9partement des Alpes-Maritimes. RENCONTRES 2024-2025 : R\u00e9sultats de toutes les rencontres avec dates et<\/p>\n","protected":false},"author":1,"featured_media":0,"parent":0,"menu_order":0,"comment_status":"closed","ping_status":"closed","template":"","meta":{"colormag_page_container_layout":"default_layout","colormag_page_sidebar_layout":"default_layout","jetpack_post_was_ever_published":false,"footnotes":""},"class_list":["post-181","page","type-page","status-publish","hentry"],"yoast_head":"<!-- This site is optimized with the Yoast SEO plugin v27.4 - https:\/\/yoast.com\/product\/yoast-seo-wordpress\/ -->\n<title>\u00c9COLE DE SPORT 2024-2025 - Comit\u00e9 d\u00e9partemental de voile 06<\/title>\n<meta name=\"robots\" content=\"index, follow, max-snippet:-1, max-image-preview:large, max-video-preview:-1\" \/>\n<link rel=\"canonical\" href=\"https:\/\/www.cdvoile06.fr\/index.php\/ecole-de-sport-2024-2025\/\" \/>\n<meta property=\"og:locale\" content=\"fr_FR\" \/>\n<meta property=\"og:type\" content=\"article\" \/>\n<meta property=\"og:title\" content=\"\u00c9COLE DE SPORT 2024-2025 - Comit\u00e9 d\u00e9partemental de voile 06\" \/>\n<meta property=\"og:description\" content=\"Cette manifestation est soutenue par le D\u00e9partement des Alpes-Maritimes. RENCONTRES 2024-2025 : R\u00e9sultats de toutes les rencontres avec dates et\" \/>\n<meta property=\"og:url\" content=\"https:\/\/www.cdvoile06.fr\/index.php\/ecole-de-sport-2024-2025\/\" \/>\n<meta property=\"og:site_name\" content=\"Comit\u00e9 d\u00e9partemental de voile 06\" \/>\n<meta property=\"article:publisher\" content=\"https:\/\/www.facebook.com\/cdvoile06\" \/>\n<meta property=\"article:modified_time\" content=\"2025-10-31T16:01:30+00:00\" \/>\n<meta property=\"og:image\" content=\"http:\/\/www.cdvoile06.fr\/wp-content\/uploads\/2025\/06\/IMG-20250618-WA0005-768x1024.jpg\" \/>\n<meta name=\"twitter:card\" content=\"summary_large_image\" \/>\n<meta name=\"twitter:label1\" content=\"Dur\u00e9e de lecture estim\u00e9e\" \/>\n\t<meta name=\"twitter:data1\" content=\"2 minutes\" \/>\n<script type=\"application\/ld+json\" class=\"yoast-schema-graph\">{\"@context\":\"https:\\\/\\\/schema.org\",\"@graph\":[{\"@type\":\"WebPage\",\"@id\":\"https:\\\/\\\/www.cdvoile06.fr\\\/index.php\\\/ecole-de-sport-2024-2025\\\/\",\"url\":\"https:\\\/\\\/www.cdvoile06.fr\\\/index.php\\\/ecole-de-sport-2024-2025\\\/\",\"name\":\"\u00c9COLE DE SPORT 2024-2025 - Comit\u00e9 d\u00e9partemental de voile 06\",\"isPartOf\":{\"@id\":\"https:\\\/\\\/www.cdvoile06.fr\\\/#website\"},\"primaryImageOfPage\":{\"@id\":\"https:\\\/\\\/www.cdvoile06.fr\\\/index.php\\\/ecole-de-sport-2024-2025\\\/#primaryimage\"},\"image\":{\"@id\":\"https:\\\/\\\/www.cdvoile06.fr\\\/index.php\\\/ecole-de-sport-2024-2025\\\/#primaryimage\"},\"thumbnailUrl\":\"http:\\\/\\\/www.cdvoile06.fr\\\/wp-content\\\/uploads\\\/2025\\\/06\\\/IMG-20250618-WA0005-768x1024.jpg\",\"datePublished\":\"2017-10-31T11:00:20+00:00\",\"dateModified\":\"2025-10-31T16:01:30+00:00\",\"breadcrumb\":{\"@id\":\"https:\\\/\\\/www.cdvoile06.fr\\\/index.php\\\/ecole-de-sport-2024-2025\\\/#breadcrumb\"},\"inLanguage\":\"fr-FR\",\"potentialAction\":[{\"@type\":\"ReadAction\",\"target\":[\"https:\\\/\\\/www.cdvoile06.fr\\\/index.php\\\/ecole-de-sport-2024-2025\\\/\"]}]},{\"@type\":\"ImageObject\",\"inLanguage\":\"fr-FR\",\"@id\":\"https:\\\/\\\/www.cdvoile06.fr\\\/index.php\\\/ecole-de-sport-2024-2025\\\/#primaryimage\",\"url\":\"http:\\\/\\\/www.cdvoile06.fr\\\/wp-content\\\/uploads\\\/2025\\\/06\\\/IMG-20250618-WA0005-768x1024.jpg\",\"contentUrl\":\"http:\\\/\\\/www.cdvoile06.fr\\\/wp-content\\\/uploads\\\/2025\\\/06\\\/IMG-20250618-WA0005-768x1024.jpg\"},{\"@type\":\"BreadcrumbList\",\"@id\":\"https:\\\/\\\/www.cdvoile06.fr\\\/index.php\\\/ecole-de-sport-2024-2025\\\/#breadcrumb\",\"itemListElement\":[{\"@type\":\"ListItem\",\"position\":1,\"name\":\"Accueil\",\"item\":\"https:\\\/\\\/www.cdvoile06.fr\\\/\"},{\"@type\":\"ListItem\",\"position\":2,\"name\":\"\u00c9COLE DE SPORT 2024-2025\"}]},{\"@type\":\"WebSite\",\"@id\":\"https:\\\/\\\/www.cdvoile06.fr\\\/#website\",\"url\":\"https:\\\/\\\/www.cdvoile06.fr\\\/\",\"name\":\"Comit\u00e9 d\u00e9partemental de voile 06\",\"description\":\"Organe d\u00e9concentr\u00e9 de la F\u00e9d\u00e9ration Fran\u00e7aise de Voile\",\"publisher\":{\"@id\":\"https:\\\/\\\/www.cdvoile06.fr\\\/#organization\"},\"potentialAction\":[{\"@type\":\"SearchAction\",\"target\":{\"@type\":\"EntryPoint\",\"urlTemplate\":\"https:\\\/\\\/www.cdvoile06.fr\\\/?s={search_term_string}\"},\"query-input\":{\"@type\":\"PropertyValueSpecification\",\"valueRequired\":true,\"valueName\":\"search_term_string\"}}],\"inLanguage\":\"fr-FR\"},{\"@type\":\"Organization\",\"@id\":\"https:\\\/\\\/www.cdvoile06.fr\\\/#organization\",\"name\":\"Comit\u00e9 d\u00e9partemental de voile 06\",\"url\":\"https:\\\/\\\/www.cdvoile06.fr\\\/\",\"logo\":{\"@type\":\"ImageObject\",\"inLanguage\":\"fr-FR\",\"@id\":\"https:\\\/\\\/www.cdvoile06.fr\\\/#\\\/schema\\\/logo\\\/image\\\/\",\"url\":\"http:\\\/\\\/www.cdvoile06.fr\\\/wp-content\\\/uploads\\\/2020\\\/10\\\/cropped-logo150x150.png\",\"contentUrl\":\"http:\\\/\\\/www.cdvoile06.fr\\\/wp-content\\\/uploads\\\/2020\\\/10\\\/cropped-logo150x150.png\",\"width\":150,\"height\":150,\"caption\":\"Comit\u00e9 d\u00e9partemental de voile 06\"},\"image\":{\"@id\":\"https:\\\/\\\/www.cdvoile06.fr\\\/#\\\/schema\\\/logo\\\/image\\\/\"},\"sameAs\":[\"https:\\\/\\\/www.facebook.com\\\/cdvoile06\",\"https:\\\/\\\/www.instagram.com\\\/cdvoile06\\\/\"]}]}<\/script>\n<!-- \/ Yoast SEO plugin. -->","yoast_head_json":{"title":"\u00c9COLE DE SPORT 2024-2025 - Comit\u00e9 d\u00e9partemental de voile 06","robots":{"index":"index","follow":"follow","max-snippet":"max-snippet:-1","max-image-preview":"max-image-preview:large","max-video-preview":"max-video-preview:-1"},"canonical":"https:\/\/www.cdvoile06.fr\/index.php\/ecole-de-sport-2024-2025\/","og_locale":"fr_FR","og_type":"article","og_title":"\u00c9COLE DE SPORT 2024-2025 - Comit\u00e9 d\u00e9partemental de voile 06","og_description":"Cette manifestation est soutenue par le D\u00e9partement des Alpes-Maritimes. RENCONTRES 2024-2025 : R\u00e9sultats de toutes les rencontres avec dates et","og_url":"https:\/\/www.cdvoile06.fr\/index.php\/ecole-de-sport-2024-2025\/","og_site_name":"Comit\u00e9 d\u00e9partemental de voile 06","article_publisher":"https:\/\/www.facebook.com\/cdvoile06","article_modified_time":"2025-10-31T16:01:30+00:00","og_image":[{"url":"http:\/\/www.cdvoile06.fr\/wp-content\/uploads\/2025\/06\/IMG-20250618-WA0005-768x1024.jpg","type":"","width":"","height":""}],"twitter_card":"summary_large_image","twitter_misc":{"Dur\u00e9e de lecture estim\u00e9e":"2 minutes"},"schema":{"@context":"https:\/\/schema.org","@graph":[{"@type":"WebPage","@id":"https:\/\/www.cdvoile06.fr\/index.php\/ecole-de-sport-2024-2025\/","url":"https:\/\/www.cdvoile06.fr\/index.php\/ecole-de-sport-2024-2025\/","name":"\u00c9COLE DE SPORT 2024-2025 - Comit\u00e9 d\u00e9partemental de voile 06","isPartOf":{"@id":"https:\/\/www.cdvoile06.fr\/#website"},"primaryImageOfPage":{"@id":"https:\/\/www.cdvoile06.fr\/index.php\/ecole-de-sport-2024-2025\/#primaryimage"},"image":{"@id":"https:\/\/www.cdvoile06.fr\/index.php\/ecole-de-sport-2024-2025\/#primaryimage"},"thumbnailUrl":"http:\/\/www.cdvoile06.fr\/wp-content\/uploads\/2025\/06\/IMG-20250618-WA0005-768x1024.jpg","datePublished":"2017-10-31T11:00:20+00:00","dateModified":"2025-10-31T16:01:30+00:00","breadcrumb":{"@id":"https:\/\/www.cdvoile06.fr\/index.php\/ecole-de-sport-2024-2025\/#breadcrumb"},"inLanguage":"fr-FR","potentialAction":[{"@type":"ReadAction","target":["https:\/\/www.cdvoile06.fr\/index.php\/ecole-de-sport-2024-2025\/"]}]},{"@type":"ImageObject","inLanguage":"fr-FR","@id":"https:\/\/www.cdvoile06.fr\/index.php\/ecole-de-sport-2024-2025\/#primaryimage","url":"http:\/\/www.cdvoile06.fr\/wp-content\/uploads\/2025\/06\/IMG-20250618-WA0005-768x1024.jpg","contentUrl":"http:\/\/www.cdvoile06.fr\/wp-content\/uploads\/2025\/06\/IMG-20250618-WA0005-768x1024.jpg"},{"@type":"BreadcrumbList","@id":"https:\/\/www.cdvoile06.fr\/index.php\/ecole-de-sport-2024-2025\/#breadcrumb","itemListElement":[{"@type":"ListItem","position":1,"name":"Accueil","item":"https:\/\/www.cdvoile06.fr\/"},{"@type":"ListItem","position":2,"name":"\u00c9COLE DE SPORT 2024-2025"}]},{"@type":"WebSite","@id":"https:\/\/www.cdvoile06.fr\/#website","url":"https:\/\/www.cdvoile06.fr\/","name":"Comit\u00e9 d\u00e9partemental de voile 06","description":"Organe d\u00e9concentr\u00e9 de la F\u00e9d\u00e9ration Fran\u00e7aise de Voile","publisher":{"@id":"https:\/\/www.cdvoile06.fr\/#organization"},"potentialAction":[{"@type":"SearchAction","target":{"@type":"EntryPoint","urlTemplate":"https:\/\/www.cdvoile06.fr\/?s={search_term_string}"},"query-input":{"@type":"PropertyValueSpecification","valueRequired":true,"valueName":"search_term_string"}}],"inLanguage":"fr-FR"},{"@type":"Organization","@id":"https:\/\/www.cdvoile06.fr\/#organization","name":"Comit\u00e9 d\u00e9partemental de voile 06","url":"https:\/\/www.cdvoile06.fr\/","logo":{"@type":"ImageObject","inLanguage":"fr-FR","@id":"https:\/\/www.cdvoile06.fr\/#\/schema\/logo\/image\/","url":"http:\/\/www.cdvoile06.fr\/wp-content\/uploads\/2020\/10\/cropped-logo150x150.png","contentUrl":"http:\/\/www.cdvoile06.fr\/wp-content\/uploads\/2020\/10\/cropped-logo150x150.png","width":150,"height":150,"caption":"Comit\u00e9 d\u00e9partemental de voile 06"},"image":{"@id":"https:\/\/www.cdvoile06.fr\/#\/schema\/logo\/image\/"},"sameAs":["https:\/\/www.facebook.com\/cdvoile06","https:\/\/www.instagram.com\/cdvoile06\/"]}]}},"jetpack_sharing_enabled":false,"jetpack_shortlink":"https:\/\/wp.me\/P9K6Ix-2V","_links":{"self":[{"href":"https:\/\/www.cdvoile06.fr\/index.php\/wp-json\/wp\/v2\/pages\/181","targetHints":{"allow":["GET"]}}],"collection":[{"href":"https:\/\/www.cdvoile06.fr\/index.php\/wp-json\/wp\/v2\/pages"}],"about":[{"href":"https:\/\/www.cdvoile06.fr\/index.php\/wp-json\/wp\/v2\/types\/page"}],"author":[{"embeddable":true,"href":"https:\/\/www.cdvoile06.fr\/index.php\/wp-json\/wp\/v2\/users\/1"}],"replies":[{"embeddable":true,"href":"https:\/\/www.cdvoile06.fr\/index.php\/wp-json\/wp\/v2\/comments?post=181"}],"version-history":[{"count":61,"href":"https:\/\/www.cdvoile06.fr\/index.php\/wp-json\/wp\/v2\/pages\/181\/revisions"}],"predecessor-version":[{"id":3958,"href":"https:\/\/www.cdvoile06.fr\/index.php\/wp-json\/wp\/v2\/pages\/181\/revisions\/3958"}],"wp:attachment":[{"href":"https:\/\/www.cdvoile06.fr\/index.php\/wp-json\/wp\/v2\/media?parent=181"}],"curies":[{"name":"wp","href":"https:\/\/api.w.org\/{rel}","templated":true}]}}