{"id":1590,"date":"2019-09-30T16:09:42","date_gmt":"2019-09-30T14:09:42","guid":{"rendered":"http:\/\/www.cdvoile06.fr\/?page_id=1590"},"modified":"2026-01-16T16:50:49","modified_gmt":"2026-01-16T15:50:49","slug":"entrainements-voile-entreprises","status":"publish","type":"page","link":"https:\/\/www.cdvoile06.fr\/index.php\/entrainements-voile-entreprises\/","title":{"rendered":"ENTRA\u00ceNEMENTS VOILE ENTREPRISES"},"content":{"rendered":"\n<div class=\"wp-block-columns is-layout-flex wp-container-core-columns-is-layout-28f84493 wp-block-columns-is-layout-flex\">\n<div class=\"wp-block-column is-layout-flow wp-block-column-is-layout-flow\" style=\"flex-basis:50%\">\n<figure class=\"wp-block-image aligncenter size-large is-resized is-style-default\"><img loading=\"lazy\" decoding=\"async\" width=\"1024\" height=\"683\" src=\"https:\/\/www.cdvoile06.fr\/wp-content\/uploads\/2020\/10\/1-Match-Racing-AMRA-Antibes-match-sous-remparts.jpg\" alt=\"\" class=\"wp-image-2130\" style=\"width:438px;height:329px\" srcset=\"https:\/\/www.cdvoile06.fr\/wp-content\/uploads\/2020\/10\/1-Match-Racing-AMRA-Antibes-match-sous-remparts.jpg 1024w, https:\/\/www.cdvoile06.fr\/wp-content\/uploads\/2020\/10\/1-Match-Racing-AMRA-Antibes-match-sous-remparts-300x200.jpg 300w, https:\/\/www.cdvoile06.fr\/wp-content\/uploads\/2020\/10\/1-Match-Racing-AMRA-Antibes-match-sous-remparts-150x100.jpg 150w, https:\/\/www.cdvoile06.fr\/wp-content\/uploads\/2020\/10\/1-Match-Racing-AMRA-Antibes-match-sous-remparts-768x512.jpg 768w\" sizes=\"auto, (max-width: 1024px) 100vw, 1024px\" \/><\/figure>\n<\/div>\n\n\n\n<div class=\"wp-block-column is-layout-flow wp-block-column-is-layout-flow\" style=\"flex-basis:50%\">\n<figure class=\"wp-block-image alignright size-full\"><img decoding=\"async\" src=\"https:\/\/www.cdvoile06.fr\/wp-content\/uploads\/2025\/08\/logo-CREPS-antibes.png\" alt=\"\" class=\"wp-image-3855\"\/><\/figure>\n<\/div>\n<\/div>\n\n\n\n<div style=\"height:43px\" aria-hidden=\"true\" class=\"wp-block-spacer\"><\/div>\n\n\n\n<p><strong>Calendrier 2026 :<\/strong><\/p>\n\n\n\n<figure class=\"wp-block-table is-style-stripes\"><table><thead><tr><th class=\"has-text-align-center\" data-align=\"center\">samedi <br>10 janvier<\/th><th class=\"has-text-align-center\" data-align=\"center\">samedi <br>07 f\u00e9vrier<\/th><th class=\"has-text-align-center\" data-align=\"center\">samedi <br>07 mars<\/th><th class=\"has-text-align-center\" data-align=\"center\">samedi<br>28 mars<\/th><th class=\"has-text-align-center\" data-align=\"center\">samedi <br>25 avril<\/th><th class=\"has-text-align-center\" data-align=\"center\">samedi <br>09 mai<\/th><th>samedi <br>06 juin<\/th><th>samedi <br>04 juillet<\/th><\/tr><\/thead><tbody><tr><td class=\"has-text-align-center\" data-align=\"center\">CMVE 06<\/td><td class=\"has-text-align-center\" data-align=\"center\"><\/td><td class=\"has-text-align-center\" data-align=\"center\"><\/td><td class=\"has-text-align-center\" data-align=\"center\">CMVE 06<\/td><td class=\"has-text-align-center\" data-align=\"center\"><\/td><td class=\"has-text-align-center\" data-align=\"center\">CMVE 06<\/td><td><\/td><td><\/td><\/tr><\/tbody><tfoot><tr><td class=\"has-text-align-center\" data-align=\"center\"><a href=\"https:\/\/www.helloasso.com\/associations\/comite-departemental-de-voile-des-alpes-maritimes\/evenements\/entrainement-10-01-2026-pour-les-entreprises-et-clubs-de-voile-06\" target=\"_blank\" rel=\"noreferrer noopener\">Inscriptions<\/a><\/td><td class=\"has-text-align-center\" data-align=\"center\"><a href=\"https:\/\/www.helloasso.com\/associations\/comite-departemental-de-voile-des-alpes-maritimes\/evenements\/entrainement-07-02-2026-pour-les-entreprises-et-clubs-de-voile-06\" target=\"_blank\" rel=\"noreferrer noopener\">Inscriptions<\/a><\/td><td class=\"has-text-align-center\" data-align=\"center\"><a href=\"https:\/\/www.helloasso.com\/associations\/comite-departemental-de-voile-des-alpes-maritimes\/evenements\/entrainement-07-03-2026-pour-les-entreprises-et-clubs-de-voile-06-2\" target=\"_blank\" rel=\"noreferrer noopener\">Inscriptions<\/a><\/td><td class=\"has-text-align-center\" data-align=\"center\"><a href=\"https:\/\/www.helloasso.com\/associations\/comite-departemental-de-voile-des-alpes-maritimes\/evenements\/entrainement-28-03-2026-pour-les-entreprises-et-clubs-de-voile-06\" target=\"_blank\" rel=\"noreferrer noopener\">Inscriptions<\/a><\/td><td class=\"has-text-align-center\" data-align=\"center\"><a href=\"https:\/\/www.helloasso.com\/associations\/comite-departemental-de-voile-des-alpes-maritimes\/evenements\/entrainement-25-04-2026-pour-les-entreprises-et-clubs-de-voile-06\" target=\"_blank\" rel=\"noreferrer noopener\">Inscriptions<\/a><\/td><td class=\"has-text-align-center\" data-align=\"center\"><a href=\"https:\/\/www.helloasso.com\/associations\/comite-departemental-de-voile-des-alpes-maritimes\/evenements\/entrainement-09-05-2026-pour-les-entreprises-et-clubs-de-voile-06\" target=\"_blank\" rel=\"noreferrer noopener\">Inscriptions<\/a><\/td><td><a href=\"https:\/\/www.helloasso.com\/associations\/comite-departemental-de-voile-des-alpes-maritimes\/evenements\/entrainement-06-06-2026-pour-les-entreprises-et-clubs-de-voile-06\" target=\"_blank\" rel=\"noreferrer noopener\">Inscriptions<\/a><\/td><td><a href=\"https:\/\/www.helloasso.com\/associations\/comite-departemental-de-voile-des-alpes-maritimes\/evenements\/entrainement-04-07-2026-pour-les-entreprises-et-clubs-de-voile-06\" target=\"_blank\" rel=\"noreferrer noopener\">Inscriptions<\/a><\/td><\/tr><\/tfoot><\/table><\/figure>\n\n\n\n<div style=\"height:43px\" aria-hidden=\"true\" class=\"wp-block-spacer\"><\/div>\n\n\n\n<p><strong>Bateaux utilis\u00e9s&nbsp;:<\/strong>&nbsp;6 voiliers B\u00e9n\u00e9teau 7.5<\/p>\n\n\n\n<p><strong>Lieu d\u2019embarquement<\/strong><strong>&nbsp;:<\/strong>&nbsp;Antibes \u2013 Port Vauban \u2013 en face du CREPS&nbsp;<\/p>\n\n\n\n<p><strong>Horaires<\/strong><strong>&nbsp;:<\/strong>&nbsp;de 10h \u00e0 16h30<\/p>\n\n\n\n<p><strong>Conditions de participation<\/strong>&nbsp;:&nbsp;La licence FFVoile de l&rsquo;ann\u00e9e en cours.&nbsp;Aucun \u00e9quipier ne sera embarqu\u00e9 en absence de licence FFV.<\/p>\n\n\n\n<p><strong>Paiement :<\/strong> un paiement unique par bateau par virement bancaire ou par ch\u00e8que le jour de l\u2019entra\u00eenement<\/p>\n\n\n\n<p><strong>Tarifs :<\/strong> <\/p>\n\n\n\n<figure class=\"wp-block-table\"><table class=\"has-fixed-layout\"><thead><tr><th><strong>\u00c9quipage<\/strong><\/th><th><strong>du 1er janvier au 31 mai 2026<\/strong><\/th><th>\u00e0 partir du 1er juin 2026<\/th><\/tr><\/thead><tbody><tr><td>solo, double ou triple<\/td><td>210 \u20ac<\/td><td>220 \u20ac<\/td><\/tr><tr><td>4 ou 5 personnes<\/td><td>263 \u20ac<\/td><td>276 \u20ac<\/td><\/tr><\/tbody><\/table><\/figure>\n\n\n\n<p><strong>Nombre de places disponibles<\/strong> : 6<\/p>\n\n\n\n<div style=\"height:43px\" aria-hidden=\"true\" class=\"wp-block-spacer\"><\/div>\n\n\n\n<p class=\"has-text-color\" style=\"color:#f80e0e\"><em style=\"\"><b>CONDITIONS <\/b><\/em><strong><em>D&rsquo;<\/em><\/strong><strong><em>ANNULATIONS ET REMBOURSEMENTS :<\/em><\/strong><\/p>\n\n\n\n<p><em>Annulation par le CDV :<\/em><br>\u2022 pour des raisons internes : remboursement ou avoir valable pour l\u2019ann\u00e9e en cours et le 1er semestre de l\u2019ann\u00e9e suivante ;<br>\u2022 par d\u00e9cision exclusive du Responsable Technique Qualifi\u00e9 en raison d\u2019une m\u00e9t\u00e9o d\u00e9favorable : avoir valable pour l\u2019ann\u00e9e en cours et le 1er semestre de l\u2019ann\u00e9e suivante ;<br>\u2022 si le nombre d\u2019\u00e9quipages inscrits est inf\u00e9rieur \u00e0 3, le CD Voile 06 vous informera de l\u2019annulation de la s\u00e9ance d\u2019entra\u00eenement : remboursement ou avoir valable pour l\u2019ann\u00e9e en cours et le 1er semestre de l\u2019ann\u00e9e suivante.<\/p>\n\n\n\n<p><em>Annulation par le Comit\u00e9 d\u2019Entreprise :<\/em><br>\u2022 \u2013 de 15 jours avant : aucun avoir ou remboursement ;<br>\u2022 + de 15 jours avant : avoir valable pour l\u2019ann\u00e9e en cours et le 1er semestre de l\u2019ann\u00e9e suivante.<\/p>\n","protected":false},"excerpt":{"rendered":"<p>Calendrier 2026 : samedi 10 janvier samedi 07 f\u00e9vrier samedi 07 mars samedi28 mars samedi 25 avril samedi 09 mai<\/p>\n","protected":false},"author":1,"featured_media":0,"parent":0,"menu_order":0,"comment_status":"closed","ping_status":"closed","template":"","meta":{"colormag_page_container_layout":"default_layout","colormag_page_sidebar_layout":"default_layout","jetpack_post_was_ever_published":false,"footnotes":""},"class_list":["post-1590","page","type-page","status-publish","hentry"],"yoast_head":"<!-- This site is optimized with the Yoast SEO plugin v27.4 - https:\/\/yoast.com\/product\/yoast-seo-wordpress\/ -->\n<title>ENTRA\u00ceNEMENTS VOILE ENTREPRISES - Comit\u00e9 d\u00e9partemental de voile 06<\/title>\n<meta name=\"robots\" content=\"index, follow, max-snippet:-1, max-image-preview:large, max-video-preview:-1\" \/>\n<link rel=\"canonical\" href=\"https:\/\/www.cdvoile06.fr\/index.php\/entrainements-voile-entreprises\/\" \/>\n<meta property=\"og:locale\" content=\"fr_FR\" \/>\n<meta property=\"og:type\" content=\"article\" \/>\n<meta property=\"og:title\" content=\"ENTRA\u00ceNEMENTS VOILE ENTREPRISES - Comit\u00e9 d\u00e9partemental de voile 06\" \/>\n<meta property=\"og:description\" content=\"Calendrier 2026 : samedi 10 janvier samedi 07 f\u00e9vrier samedi 07 mars samedi28 mars samedi 25 avril samedi 09 mai\" \/>\n<meta property=\"og:url\" content=\"https:\/\/www.cdvoile06.fr\/index.php\/entrainements-voile-entreprises\/\" \/>\n<meta property=\"og:site_name\" content=\"Comit\u00e9 d\u00e9partemental de voile 06\" \/>\n<meta property=\"article:publisher\" content=\"https:\/\/www.facebook.com\/cdvoile06\" \/>\n<meta property=\"article:modified_time\" content=\"2026-01-16T15:50:49+00:00\" \/>\n<meta property=\"og:image\" content=\"http:\/\/www.cdvoile06.fr\/wp-content\/uploads\/2020\/10\/1-Match-Racing-AMRA-Antibes-match-sous-remparts.jpg\" \/>\n<meta name=\"twitter:card\" content=\"summary_large_image\" \/>\n<meta name=\"twitter:label1\" content=\"Dur\u00e9e de lecture estim\u00e9e\" \/>\n\t<meta name=\"twitter:data1\" content=\"2 minutes\" \/>\n<script type=\"application\/ld+json\" class=\"yoast-schema-graph\">{\"@context\":\"https:\\\/\\\/schema.org\",\"@graph\":[{\"@type\":\"WebPage\",\"@id\":\"https:\\\/\\\/www.cdvoile06.fr\\\/index.php\\\/entrainements-voile-entreprises\\\/\",\"url\":\"https:\\\/\\\/www.cdvoile06.fr\\\/index.php\\\/entrainements-voile-entreprises\\\/\",\"name\":\"ENTRA\u00ceNEMENTS VOILE ENTREPRISES - Comit\u00e9 d\u00e9partemental de voile 06\",\"isPartOf\":{\"@id\":\"https:\\\/\\\/www.cdvoile06.fr\\\/#website\"},\"primaryImageOfPage\":{\"@id\":\"https:\\\/\\\/www.cdvoile06.fr\\\/index.php\\\/entrainements-voile-entreprises\\\/#primaryimage\"},\"image\":{\"@id\":\"https:\\\/\\\/www.cdvoile06.fr\\\/index.php\\\/entrainements-voile-entreprises\\\/#primaryimage\"},\"thumbnailUrl\":\"http:\\\/\\\/www.cdvoile06.fr\\\/wp-content\\\/uploads\\\/2020\\\/10\\\/1-Match-Racing-AMRA-Antibes-match-sous-remparts.jpg\",\"datePublished\":\"2019-09-30T14:09:42+00:00\",\"dateModified\":\"2026-01-16T15:50:49+00:00\",\"breadcrumb\":{\"@id\":\"https:\\\/\\\/www.cdvoile06.fr\\\/index.php\\\/entrainements-voile-entreprises\\\/#breadcrumb\"},\"inLanguage\":\"fr-FR\",\"potentialAction\":[{\"@type\":\"ReadAction\",\"target\":[\"https:\\\/\\\/www.cdvoile06.fr\\\/index.php\\\/entrainements-voile-entreprises\\\/\"]}]},{\"@type\":\"ImageObject\",\"inLanguage\":\"fr-FR\",\"@id\":\"https:\\\/\\\/www.cdvoile06.fr\\\/index.php\\\/entrainements-voile-entreprises\\\/#primaryimage\",\"url\":\"http:\\\/\\\/www.cdvoile06.fr\\\/wp-content\\\/uploads\\\/2020\\\/10\\\/1-Match-Racing-AMRA-Antibes-match-sous-remparts.jpg\",\"contentUrl\":\"http:\\\/\\\/www.cdvoile06.fr\\\/wp-content\\\/uploads\\\/2020\\\/10\\\/1-Match-Racing-AMRA-Antibes-match-sous-remparts.jpg\"},{\"@type\":\"BreadcrumbList\",\"@id\":\"https:\\\/\\\/www.cdvoile06.fr\\\/index.php\\\/entrainements-voile-entreprises\\\/#breadcrumb\",\"itemListElement\":[{\"@type\":\"ListItem\",\"position\":1,\"name\":\"Accueil\",\"item\":\"https:\\\/\\\/www.cdvoile06.fr\\\/\"},{\"@type\":\"ListItem\",\"position\":2,\"name\":\"ENTRA\u00ceNEMENTS VOILE ENTREPRISES\"}]},{\"@type\":\"WebSite\",\"@id\":\"https:\\\/\\\/www.cdvoile06.fr\\\/#website\",\"url\":\"https:\\\/\\\/www.cdvoile06.fr\\\/\",\"name\":\"Comit\u00e9 d\u00e9partemental de voile 06\",\"description\":\"Organe d\u00e9concentr\u00e9 de la F\u00e9d\u00e9ration Fran\u00e7aise de Voile\",\"publisher\":{\"@id\":\"https:\\\/\\\/www.cdvoile06.fr\\\/#organization\"},\"potentialAction\":[{\"@type\":\"SearchAction\",\"target\":{\"@type\":\"EntryPoint\",\"urlTemplate\":\"https:\\\/\\\/www.cdvoile06.fr\\\/?s={search_term_string}\"},\"query-input\":{\"@type\":\"PropertyValueSpecification\",\"valueRequired\":true,\"valueName\":\"search_term_string\"}}],\"inLanguage\":\"fr-FR\"},{\"@type\":\"Organization\",\"@id\":\"https:\\\/\\\/www.cdvoile06.fr\\\/#organization\",\"name\":\"Comit\u00e9 d\u00e9partemental de voile 06\",\"url\":\"https:\\\/\\\/www.cdvoile06.fr\\\/\",\"logo\":{\"@type\":\"ImageObject\",\"inLanguage\":\"fr-FR\",\"@id\":\"https:\\\/\\\/www.cdvoile06.fr\\\/#\\\/schema\\\/logo\\\/image\\\/\",\"url\":\"http:\\\/\\\/www.cdvoile06.fr\\\/wp-content\\\/uploads\\\/2020\\\/10\\\/cropped-logo150x150.png\",\"contentUrl\":\"http:\\\/\\\/www.cdvoile06.fr\\\/wp-content\\\/uploads\\\/2020\\\/10\\\/cropped-logo150x150.png\",\"width\":150,\"height\":150,\"caption\":\"Comit\u00e9 d\u00e9partemental de voile 06\"},\"image\":{\"@id\":\"https:\\\/\\\/www.cdvoile06.fr\\\/#\\\/schema\\\/logo\\\/image\\\/\"},\"sameAs\":[\"https:\\\/\\\/www.facebook.com\\\/cdvoile06\",\"https:\\\/\\\/www.instagram.com\\\/cdvoile06\\\/\"]}]}<\/script>\n<!-- \/ Yoast SEO plugin. -->","yoast_head_json":{"title":"ENTRA\u00ceNEMENTS VOILE ENTREPRISES - Comit\u00e9 d\u00e9partemental de voile 06","robots":{"index":"index","follow":"follow","max-snippet":"max-snippet:-1","max-image-preview":"max-image-preview:large","max-video-preview":"max-video-preview:-1"},"canonical":"https:\/\/www.cdvoile06.fr\/index.php\/entrainements-voile-entreprises\/","og_locale":"fr_FR","og_type":"article","og_title":"ENTRA\u00ceNEMENTS VOILE ENTREPRISES - Comit\u00e9 d\u00e9partemental de voile 06","og_description":"Calendrier 2026 : samedi 10 janvier samedi 07 f\u00e9vrier samedi 07 mars samedi28 mars samedi 25 avril samedi 09 mai","og_url":"https:\/\/www.cdvoile06.fr\/index.php\/entrainements-voile-entreprises\/","og_site_name":"Comit\u00e9 d\u00e9partemental de voile 06","article_publisher":"https:\/\/www.facebook.com\/cdvoile06","article_modified_time":"2026-01-16T15:50:49+00:00","og_image":[{"url":"http:\/\/www.cdvoile06.fr\/wp-content\/uploads\/2020\/10\/1-Match-Racing-AMRA-Antibes-match-sous-remparts.jpg","type":"","width":"","height":""}],"twitter_card":"summary_large_image","twitter_misc":{"Dur\u00e9e de lecture estim\u00e9e":"2 minutes"},"schema":{"@context":"https:\/\/schema.org","@graph":[{"@type":"WebPage","@id":"https:\/\/www.cdvoile06.fr\/index.php\/entrainements-voile-entreprises\/","url":"https:\/\/www.cdvoile06.fr\/index.php\/entrainements-voile-entreprises\/","name":"ENTRA\u00ceNEMENTS VOILE ENTREPRISES - Comit\u00e9 d\u00e9partemental de voile 06","isPartOf":{"@id":"https:\/\/www.cdvoile06.fr\/#website"},"primaryImageOfPage":{"@id":"https:\/\/www.cdvoile06.fr\/index.php\/entrainements-voile-entreprises\/#primaryimage"},"image":{"@id":"https:\/\/www.cdvoile06.fr\/index.php\/entrainements-voile-entreprises\/#primaryimage"},"thumbnailUrl":"http:\/\/www.cdvoile06.fr\/wp-content\/uploads\/2020\/10\/1-Match-Racing-AMRA-Antibes-match-sous-remparts.jpg","datePublished":"2019-09-30T14:09:42+00:00","dateModified":"2026-01-16T15:50:49+00:00","breadcrumb":{"@id":"https:\/\/www.cdvoile06.fr\/index.php\/entrainements-voile-entreprises\/#breadcrumb"},"inLanguage":"fr-FR","potentialAction":[{"@type":"ReadAction","target":["https:\/\/www.cdvoile06.fr\/index.php\/entrainements-voile-entreprises\/"]}]},{"@type":"ImageObject","inLanguage":"fr-FR","@id":"https:\/\/www.cdvoile06.fr\/index.php\/entrainements-voile-entreprises\/#primaryimage","url":"http:\/\/www.cdvoile06.fr\/wp-content\/uploads\/2020\/10\/1-Match-Racing-AMRA-Antibes-match-sous-remparts.jpg","contentUrl":"http:\/\/www.cdvoile06.fr\/wp-content\/uploads\/2020\/10\/1-Match-Racing-AMRA-Antibes-match-sous-remparts.jpg"},{"@type":"BreadcrumbList","@id":"https:\/\/www.cdvoile06.fr\/index.php\/entrainements-voile-entreprises\/#breadcrumb","itemListElement":[{"@type":"ListItem","position":1,"name":"Accueil","item":"https:\/\/www.cdvoile06.fr\/"},{"@type":"ListItem","position":2,"name":"ENTRA\u00ceNEMENTS VOILE ENTREPRISES"}]},{"@type":"WebSite","@id":"https:\/\/www.cdvoile06.fr\/#website","url":"https:\/\/www.cdvoile06.fr\/","name":"Comit\u00e9 d\u00e9partemental de voile 06","description":"Organe d\u00e9concentr\u00e9 de la F\u00e9d\u00e9ration Fran\u00e7aise de Voile","publisher":{"@id":"https:\/\/www.cdvoile06.fr\/#organization"},"potentialAction":[{"@type":"SearchAction","target":{"@type":"EntryPoint","urlTemplate":"https:\/\/www.cdvoile06.fr\/?s={search_term_string}"},"query-input":{"@type":"PropertyValueSpecification","valueRequired":true,"valueName":"search_term_string"}}],"inLanguage":"fr-FR"},{"@type":"Organization","@id":"https:\/\/www.cdvoile06.fr\/#organization","name":"Comit\u00e9 d\u00e9partemental de voile 06","url":"https:\/\/www.cdvoile06.fr\/","logo":{"@type":"ImageObject","inLanguage":"fr-FR","@id":"https:\/\/www.cdvoile06.fr\/#\/schema\/logo\/image\/","url":"http:\/\/www.cdvoile06.fr\/wp-content\/uploads\/2020\/10\/cropped-logo150x150.png","contentUrl":"http:\/\/www.cdvoile06.fr\/wp-content\/uploads\/2020\/10\/cropped-logo150x150.png","width":150,"height":150,"caption":"Comit\u00e9 d\u00e9partemental de voile 06"},"image":{"@id":"https:\/\/www.cdvoile06.fr\/#\/schema\/logo\/image\/"},"sameAs":["https:\/\/www.facebook.com\/cdvoile06","https:\/\/www.instagram.com\/cdvoile06\/"]}]}},"jetpack_sharing_enabled":true,"jetpack_shortlink":"https:\/\/wp.me\/P9K6Ix-pE","_links":{"self":[{"href":"https:\/\/www.cdvoile06.fr\/index.php\/wp-json\/wp\/v2\/pages\/1590","targetHints":{"allow":["GET"]}}],"collection":[{"href":"https:\/\/www.cdvoile06.fr\/index.php\/wp-json\/wp\/v2\/pages"}],"about":[{"href":"https:\/\/www.cdvoile06.fr\/index.php\/wp-json\/wp\/v2\/types\/page"}],"author":[{"embeddable":true,"href":"https:\/\/www.cdvoile06.fr\/index.php\/wp-json\/wp\/v2\/users\/1"}],"replies":[{"embeddable":true,"href":"https:\/\/www.cdvoile06.fr\/index.php\/wp-json\/wp\/v2\/comments?post=1590"}],"version-history":[{"count":95,"href":"https:\/\/www.cdvoile06.fr\/index.php\/wp-json\/wp\/v2\/pages\/1590\/revisions"}],"predecessor-version":[{"id":4121,"href":"https:\/\/www.cdvoile06.fr\/index.php\/wp-json\/wp\/v2\/pages\/1590\/revisions\/4121"}],"wp:attachment":[{"href":"https:\/\/www.cdvoile06.fr\/index.php\/wp-json\/wp\/v2\/media?parent=1590"}],"curies":[{"name":"wp","href":"https:\/\/api.w.org\/{rel}","templated":true}]}}