{"id":1584,"date":"2019-09-30T15:55:06","date_gmt":"2019-09-30T13:55:06","guid":{"rendered":"http:\/\/www.cdvoile06.fr\/?page_id=1584"},"modified":"2025-12-11T09:50:04","modified_gmt":"2025-12-11T08:50:04","slug":"voile-entreprises-06","status":"publish","type":"page","link":"https:\/\/www.cdvoile06.fr\/index.php\/voile-entreprises-06\/","title":{"rendered":"VOILE ENTREPRISES 06"},"content":{"rendered":"\n<p class=\"has-gateway-light-gray-color has-text-color\">Le CD Voile 06 propose \u00e0 toutes les entreprises d&rsquo;effectuer des sorties \u00e0 la voile. <\/p>\n\n\n\n<p><strong>Bateaux utilis\u00e9s&nbsp;:<\/strong>&nbsp;6 voiliers B\u00e9n\u00e9teau 7.5 <\/p>\n\n\n\n<p><strong>Lieu d&#8217;embarquement :<\/strong> port Vauban d&rsquo;Antibes  <\/p>\n\n\n\n<p><strong>Tarifs :<\/strong> nous contacter par mail \u00e0 contact(at)cdvoile06.fr ou par t\u00e9l\u00e9phone au 04 93 14 13 87<\/p>\n\n\n\n<p><strong>ACTIVIT\u00c9S PROPOS\u00c9ES :<\/strong><\/p>\n\n\n\n<p><strong>Journ\u00e9e CE,  s\u00e9minaires d&rsquo;entreprise,  incentive,  \u00ab\u00a0afterworks\u00a0\u00bb<\/strong>, &#8230; gr\u00e2ce  \u00e0 la VOILE PLAISIR (d\u00e9couverte, autonomie, esprit d&rsquo;\u00e9quipe en devenant un \u00e9quipage, renforcement de la coh\u00e9sion et l&rsquo;identit\u00e9 d&rsquo;un collectif)<\/p>\n\n\n\n<p><strong><a href=\"https:\/\/www.cdvoile06.fr\/index.php\/entrainements-voile-entreprises\/\">Entra\u00eenements<\/a>, <a href=\"https:\/\/www.cdvoile06.fr\/index.php\/cmve2026\/\">Challenge M\u00e9diterran\u00e9e Voile Entreprise<\/a>, s\u00e9lective championnat de France, championnats de France, Jeux europ\u00e9ens,<\/strong> &#8230; gr\u00e2ce \u00e0 la VOILE SPORTIVE (Entrainement, r\u00e9gate, sensations partag\u00e9es d&rsquo;un sport de glisse, gestion de la notion de prise de risque)<\/p>\n\n\n<p><!--EndFragment--><\/p>\n\n\n<figure class=\"wp-block-image aligncenter size-full\"><img loading=\"lazy\" decoding=\"async\" width=\"200\" height=\"200\" src=\"https:\/\/www.cdvoile06.fr\/wp-content\/uploads\/2025\/08\/logo-CREPS-antibes-1.png\" alt=\"\" class=\"wp-image-3866\" srcset=\"https:\/\/www.cdvoile06.fr\/wp-content\/uploads\/2025\/08\/logo-CREPS-antibes-1.png 200w, https:\/\/www.cdvoile06.fr\/wp-content\/uploads\/2025\/08\/logo-CREPS-antibes-1-150x150.png 150w\" sizes=\"auto, (max-width: 200px) 100vw, 200px\" \/><\/figure>\n","protected":false},"excerpt":{"rendered":"<p>Le CD Voile 06 propose \u00e0 toutes les entreprises d&rsquo;effectuer des sorties \u00e0 la voile. Bateaux utilis\u00e9s&nbsp;:&nbsp;6 voiliers B\u00e9n\u00e9teau 7.5<\/p>\n","protected":false},"author":1,"featured_media":0,"parent":0,"menu_order":0,"comment_status":"closed","ping_status":"closed","template":"","meta":{"colormag_page_container_layout":"default_layout","colormag_page_sidebar_layout":"default_layout","jetpack_post_was_ever_published":false,"footnotes":""},"class_list":["post-1584","page","type-page","status-publish","hentry"],"yoast_head":"<!-- This site is optimized with the Yoast SEO plugin v27.3 - https:\/\/yoast.com\/product\/yoast-seo-wordpress\/ -->\n<title>VOILE ENTREPRISES 06 - Comit\u00e9 d\u00e9partemental de voile 06<\/title>\n<meta name=\"robots\" content=\"index, follow, max-snippet:-1, max-image-preview:large, max-video-preview:-1\" \/>\n<link rel=\"canonical\" href=\"https:\/\/www.cdvoile06.fr\/index.php\/voile-entreprises-06\/\" \/>\n<meta property=\"og:locale\" content=\"fr_FR\" \/>\n<meta property=\"og:type\" content=\"article\" \/>\n<meta property=\"og:title\" content=\"VOILE ENTREPRISES 06 - Comit\u00e9 d\u00e9partemental de voile 06\" \/>\n<meta property=\"og:description\" content=\"Le CD Voile 06 propose \u00e0 toutes les entreprises d&rsquo;effectuer des sorties \u00e0 la voile. Bateaux utilis\u00e9s&nbsp;:&nbsp;6 voiliers B\u00e9n\u00e9teau 7.5\" \/>\n<meta property=\"og:url\" content=\"https:\/\/www.cdvoile06.fr\/index.php\/voile-entreprises-06\/\" \/>\n<meta property=\"og:site_name\" content=\"Comit\u00e9 d\u00e9partemental de voile 06\" \/>\n<meta property=\"article:publisher\" content=\"https:\/\/www.facebook.com\/cdvoile06\" \/>\n<meta property=\"article:modified_time\" content=\"2025-12-11T08:50:04+00:00\" \/>\n<meta property=\"og:image\" content=\"http:\/\/www.cdvoile06.fr\/wp-content\/uploads\/2025\/08\/logo-CREPS-antibes-1.png\" \/>\n<meta name=\"twitter:card\" content=\"summary_large_image\" \/>\n<meta name=\"twitter:label1\" content=\"Dur\u00e9e de lecture estim\u00e9e\" \/>\n\t<meta name=\"twitter:data1\" content=\"1 minute\" \/>\n<script type=\"application\/ld+json\" class=\"yoast-schema-graph\">{\"@context\":\"https:\\\/\\\/schema.org\",\"@graph\":[{\"@type\":\"WebPage\",\"@id\":\"https:\\\/\\\/www.cdvoile06.fr\\\/index.php\\\/voile-entreprises-06\\\/\",\"url\":\"https:\\\/\\\/www.cdvoile06.fr\\\/index.php\\\/voile-entreprises-06\\\/\",\"name\":\"VOILE ENTREPRISES 06 - Comit\u00e9 d\u00e9partemental de voile 06\",\"isPartOf\":{\"@id\":\"https:\\\/\\\/www.cdvoile06.fr\\\/#website\"},\"primaryImageOfPage\":{\"@id\":\"https:\\\/\\\/www.cdvoile06.fr\\\/index.php\\\/voile-entreprises-06\\\/#primaryimage\"},\"image\":{\"@id\":\"https:\\\/\\\/www.cdvoile06.fr\\\/index.php\\\/voile-entreprises-06\\\/#primaryimage\"},\"thumbnailUrl\":\"http:\\\/\\\/www.cdvoile06.fr\\\/wp-content\\\/uploads\\\/2025\\\/08\\\/logo-CREPS-antibes-1.png\",\"datePublished\":\"2019-09-30T13:55:06+00:00\",\"dateModified\":\"2025-12-11T08:50:04+00:00\",\"breadcrumb\":{\"@id\":\"https:\\\/\\\/www.cdvoile06.fr\\\/index.php\\\/voile-entreprises-06\\\/#breadcrumb\"},\"inLanguage\":\"fr-FR\",\"potentialAction\":[{\"@type\":\"ReadAction\",\"target\":[\"https:\\\/\\\/www.cdvoile06.fr\\\/index.php\\\/voile-entreprises-06\\\/\"]}]},{\"@type\":\"ImageObject\",\"inLanguage\":\"fr-FR\",\"@id\":\"https:\\\/\\\/www.cdvoile06.fr\\\/index.php\\\/voile-entreprises-06\\\/#primaryimage\",\"url\":\"http:\\\/\\\/www.cdvoile06.fr\\\/wp-content\\\/uploads\\\/2025\\\/08\\\/logo-CREPS-antibes-1.png\",\"contentUrl\":\"http:\\\/\\\/www.cdvoile06.fr\\\/wp-content\\\/uploads\\\/2025\\\/08\\\/logo-CREPS-antibes-1.png\"},{\"@type\":\"BreadcrumbList\",\"@id\":\"https:\\\/\\\/www.cdvoile06.fr\\\/index.php\\\/voile-entreprises-06\\\/#breadcrumb\",\"itemListElement\":[{\"@type\":\"ListItem\",\"position\":1,\"name\":\"Accueil\",\"item\":\"https:\\\/\\\/www.cdvoile06.fr\\\/\"},{\"@type\":\"ListItem\",\"position\":2,\"name\":\"VOILE ENTREPRISES 06\"}]},{\"@type\":\"WebSite\",\"@id\":\"https:\\\/\\\/www.cdvoile06.fr\\\/#website\",\"url\":\"https:\\\/\\\/www.cdvoile06.fr\\\/\",\"name\":\"Comit\u00e9 d\u00e9partemental de voile 06\",\"description\":\"Organe d\u00e9concentr\u00e9 de la F\u00e9d\u00e9ration Fran\u00e7aise de Voile\",\"publisher\":{\"@id\":\"https:\\\/\\\/www.cdvoile06.fr\\\/#organization\"},\"potentialAction\":[{\"@type\":\"SearchAction\",\"target\":{\"@type\":\"EntryPoint\",\"urlTemplate\":\"https:\\\/\\\/www.cdvoile06.fr\\\/?s={search_term_string}\"},\"query-input\":{\"@type\":\"PropertyValueSpecification\",\"valueRequired\":true,\"valueName\":\"search_term_string\"}}],\"inLanguage\":\"fr-FR\"},{\"@type\":\"Organization\",\"@id\":\"https:\\\/\\\/www.cdvoile06.fr\\\/#organization\",\"name\":\"Comit\u00e9 d\u00e9partemental de voile 06\",\"url\":\"https:\\\/\\\/www.cdvoile06.fr\\\/\",\"logo\":{\"@type\":\"ImageObject\",\"inLanguage\":\"fr-FR\",\"@id\":\"https:\\\/\\\/www.cdvoile06.fr\\\/#\\\/schema\\\/logo\\\/image\\\/\",\"url\":\"http:\\\/\\\/www.cdvoile06.fr\\\/wp-content\\\/uploads\\\/2020\\\/10\\\/cropped-logo150x150.png\",\"contentUrl\":\"http:\\\/\\\/www.cdvoile06.fr\\\/wp-content\\\/uploads\\\/2020\\\/10\\\/cropped-logo150x150.png\",\"width\":150,\"height\":150,\"caption\":\"Comit\u00e9 d\u00e9partemental de voile 06\"},\"image\":{\"@id\":\"https:\\\/\\\/www.cdvoile06.fr\\\/#\\\/schema\\\/logo\\\/image\\\/\"},\"sameAs\":[\"https:\\\/\\\/www.facebook.com\\\/cdvoile06\",\"https:\\\/\\\/www.instagram.com\\\/cdvoile06\\\/\"]}]}<\/script>\n<!-- \/ Yoast SEO plugin. -->","yoast_head_json":{"title":"VOILE ENTREPRISES 06 - Comit\u00e9 d\u00e9partemental de voile 06","robots":{"index":"index","follow":"follow","max-snippet":"max-snippet:-1","max-image-preview":"max-image-preview:large","max-video-preview":"max-video-preview:-1"},"canonical":"https:\/\/www.cdvoile06.fr\/index.php\/voile-entreprises-06\/","og_locale":"fr_FR","og_type":"article","og_title":"VOILE ENTREPRISES 06 - Comit\u00e9 d\u00e9partemental de voile 06","og_description":"Le CD Voile 06 propose \u00e0 toutes les entreprises d&rsquo;effectuer des sorties \u00e0 la voile. Bateaux utilis\u00e9s&nbsp;:&nbsp;6 voiliers B\u00e9n\u00e9teau 7.5","og_url":"https:\/\/www.cdvoile06.fr\/index.php\/voile-entreprises-06\/","og_site_name":"Comit\u00e9 d\u00e9partemental de voile 06","article_publisher":"https:\/\/www.facebook.com\/cdvoile06","article_modified_time":"2025-12-11T08:50:04+00:00","og_image":[{"url":"http:\/\/www.cdvoile06.fr\/wp-content\/uploads\/2025\/08\/logo-CREPS-antibes-1.png","type":"","width":"","height":""}],"twitter_card":"summary_large_image","twitter_misc":{"Dur\u00e9e de lecture estim\u00e9e":"1 minute"},"schema":{"@context":"https:\/\/schema.org","@graph":[{"@type":"WebPage","@id":"https:\/\/www.cdvoile06.fr\/index.php\/voile-entreprises-06\/","url":"https:\/\/www.cdvoile06.fr\/index.php\/voile-entreprises-06\/","name":"VOILE ENTREPRISES 06 - Comit\u00e9 d\u00e9partemental de voile 06","isPartOf":{"@id":"https:\/\/www.cdvoile06.fr\/#website"},"primaryImageOfPage":{"@id":"https:\/\/www.cdvoile06.fr\/index.php\/voile-entreprises-06\/#primaryimage"},"image":{"@id":"https:\/\/www.cdvoile06.fr\/index.php\/voile-entreprises-06\/#primaryimage"},"thumbnailUrl":"http:\/\/www.cdvoile06.fr\/wp-content\/uploads\/2025\/08\/logo-CREPS-antibes-1.png","datePublished":"2019-09-30T13:55:06+00:00","dateModified":"2025-12-11T08:50:04+00:00","breadcrumb":{"@id":"https:\/\/www.cdvoile06.fr\/index.php\/voile-entreprises-06\/#breadcrumb"},"inLanguage":"fr-FR","potentialAction":[{"@type":"ReadAction","target":["https:\/\/www.cdvoile06.fr\/index.php\/voile-entreprises-06\/"]}]},{"@type":"ImageObject","inLanguage":"fr-FR","@id":"https:\/\/www.cdvoile06.fr\/index.php\/voile-entreprises-06\/#primaryimage","url":"http:\/\/www.cdvoile06.fr\/wp-content\/uploads\/2025\/08\/logo-CREPS-antibes-1.png","contentUrl":"http:\/\/www.cdvoile06.fr\/wp-content\/uploads\/2025\/08\/logo-CREPS-antibes-1.png"},{"@type":"BreadcrumbList","@id":"https:\/\/www.cdvoile06.fr\/index.php\/voile-entreprises-06\/#breadcrumb","itemListElement":[{"@type":"ListItem","position":1,"name":"Accueil","item":"https:\/\/www.cdvoile06.fr\/"},{"@type":"ListItem","position":2,"name":"VOILE ENTREPRISES 06"}]},{"@type":"WebSite","@id":"https:\/\/www.cdvoile06.fr\/#website","url":"https:\/\/www.cdvoile06.fr\/","name":"Comit\u00e9 d\u00e9partemental de voile 06","description":"Organe d\u00e9concentr\u00e9 de la F\u00e9d\u00e9ration Fran\u00e7aise de Voile","publisher":{"@id":"https:\/\/www.cdvoile06.fr\/#organization"},"potentialAction":[{"@type":"SearchAction","target":{"@type":"EntryPoint","urlTemplate":"https:\/\/www.cdvoile06.fr\/?s={search_term_string}"},"query-input":{"@type":"PropertyValueSpecification","valueRequired":true,"valueName":"search_term_string"}}],"inLanguage":"fr-FR"},{"@type":"Organization","@id":"https:\/\/www.cdvoile06.fr\/#organization","name":"Comit\u00e9 d\u00e9partemental de voile 06","url":"https:\/\/www.cdvoile06.fr\/","logo":{"@type":"ImageObject","inLanguage":"fr-FR","@id":"https:\/\/www.cdvoile06.fr\/#\/schema\/logo\/image\/","url":"http:\/\/www.cdvoile06.fr\/wp-content\/uploads\/2020\/10\/cropped-logo150x150.png","contentUrl":"http:\/\/www.cdvoile06.fr\/wp-content\/uploads\/2020\/10\/cropped-logo150x150.png","width":150,"height":150,"caption":"Comit\u00e9 d\u00e9partemental de voile 06"},"image":{"@id":"https:\/\/www.cdvoile06.fr\/#\/schema\/logo\/image\/"},"sameAs":["https:\/\/www.facebook.com\/cdvoile06","https:\/\/www.instagram.com\/cdvoile06\/"]}]}},"jetpack_sharing_enabled":true,"jetpack_shortlink":"https:\/\/wp.me\/P9K6Ix-py","_links":{"self":[{"href":"https:\/\/www.cdvoile06.fr\/index.php\/wp-json\/wp\/v2\/pages\/1584","targetHints":{"allow":["GET"]}}],"collection":[{"href":"https:\/\/www.cdvoile06.fr\/index.php\/wp-json\/wp\/v2\/pages"}],"about":[{"href":"https:\/\/www.cdvoile06.fr\/index.php\/wp-json\/wp\/v2\/types\/page"}],"author":[{"embeddable":true,"href":"https:\/\/www.cdvoile06.fr\/index.php\/wp-json\/wp\/v2\/users\/1"}],"replies":[{"embeddable":true,"href":"https:\/\/www.cdvoile06.fr\/index.php\/wp-json\/wp\/v2\/comments?post=1584"}],"version-history":[{"count":20,"href":"https:\/\/www.cdvoile06.fr\/index.php\/wp-json\/wp\/v2\/pages\/1584\/revisions"}],"predecessor-version":[{"id":4049,"href":"https:\/\/www.cdvoile06.fr\/index.php\/wp-json\/wp\/v2\/pages\/1584\/revisions\/4049"}],"wp:attachment":[{"href":"https:\/\/www.cdvoile06.fr\/index.php\/wp-json\/wp\/v2\/media?parent=1584"}],"curies":[{"name":"wp","href":"https:\/\/api.w.org\/{rel}","templated":true}]}}